{"id":79,"date":"2013-06-27T15:49:57","date_gmt":"2013-06-27T13:49:57","guid":{"rendered":"http:\/\/ff-buettelborn.de\/wp\/?page_id=79"},"modified":"2019-07-14T14:15:18","modified_gmt":"2019-07-14T12:15:18","slug":"rw","status":"publish","type":"page","link":"http:\/\/ff-buettelborn.de\/wp\/?page_id=79","title":{"rendered":"RW"},"content":{"rendered":"<p><a href=\"http:\/\/ff-buettelborn.de\/wp\/wp-content\/themes\/twentyten\/images\/Fzg\/RW1.jpg\"><img loading=\"lazy\" decoding=\"async\" class=\"aligncenter size-full wp-image-5\" alt=\"RW1\" src=\"http:\/\/ff-buettelborn.de\/wp\/wp-content\/themes\/FFW\/images\/Fzg\/RW.jpg\" width=\"499\" height=\"130\" \/><\/a><\/p>\n<p>R\u00fcstwagen 1 &#8211; RW1<br \/>\nFlorian B\u00fcttelborn 1\/51<\/p>\n<p>Fahrgestell: Mercedes Benz Unimog 1300L<\/p>\n<p>Baujahr: 1987<\/p>\n<p>Motor: 6 Zylinder<br \/>\nLeistung: 100kW<\/p>\n<p>In B\u00fcttelborn seit 2001<\/p>\n<p>Der RW1 enth\u00e4lt die zur Durchf\u00fchrung einfacher Technischer Hilfeleistungen &#8211; auch gr\u00f6\u00dferen Umfangs &#8211; erforderlichen Ger\u00e4te und fest eingebauten technischen Einrichtungen.<\/p>\n<p>Dieses Fahrzeug wurde 2001 in B\u00fcttelborn in Dienst gestellt. Der Verein Freiwillige Feuerwehr B\u00fcttelborn e.V. stellte, speziell zur Anschaffung dieses Fahrzeugs, der Gemeinde \u00fcber 50% des Kaufpreises zur Verf\u00fcgung.<\/p>\n","protected":false},"excerpt":{"rendered":"<p>R\u00fcstwagen 1 &#8211; RW1 Florian B\u00fcttelborn 1\/51 Fahrgestell: Mercedes Benz Unimog 1300L Baujahr: 1987 Motor: 6 Zylinder Leistung: 100kW In B\u00fcttelborn seit 2001 Der RW1 enth\u00e4lt die zur Durchf\u00fchrung einfacher Technischer Hilfeleistungen &#8211; auch gr\u00f6\u00dferen Umfangs &#8211; erforderlichen Ger\u00e4te und &hellip; <a href=\"http:\/\/ff-buettelborn.de\/wp\/?page_id=79\">Continue reading <span class=\"meta-nav\">&rarr;<\/span><\/a><\/p>\n","protected":false},"author":5,"featured_media":0,"parent":81,"menu_order":0,"comment_status":"closed","ping_status":"closed","template":"","meta":{"footnotes":""},"class_list":["post-79","page","type-page","status-publish","hentry"],"_links":{"self":[{"href":"http:\/\/ff-buettelborn.de\/wp\/index.php?rest_route=\/wp\/v2\/pages\/79","targetHints":{"allow":["GET"]}}],"collection":[{"href":"http:\/\/ff-buettelborn.de\/wp\/index.php?rest_route=\/wp\/v2\/pages"}],"about":[{"href":"http:\/\/ff-buettelborn.de\/wp\/index.php?rest_route=\/wp\/v2\/types\/page"}],"author":[{"embeddable":true,"href":"http:\/\/ff-buettelborn.de\/wp\/index.php?rest_route=\/wp\/v2\/users\/5"}],"replies":[{"embeddable":true,"href":"http:\/\/ff-buettelborn.de\/wp\/index.php?rest_route=%2Fwp%2Fv2%2Fcomments&post=79"}],"version-history":[{"count":3,"href":"http:\/\/ff-buettelborn.de\/wp\/index.php?rest_route=\/wp\/v2\/pages\/79\/revisions"}],"predecessor-version":[{"id":1915,"href":"http:\/\/ff-buettelborn.de\/wp\/index.php?rest_route=\/wp\/v2\/pages\/79\/revisions\/1915"}],"up":[{"embeddable":true,"href":"http:\/\/ff-buettelborn.de\/wp\/index.php?rest_route=\/wp\/v2\/pages\/81"}],"wp:attachment":[{"href":"http:\/\/ff-buettelborn.de\/wp\/index.php?rest_route=%2Fwp%2Fv2%2Fmedia&parent=79"}],"curies":[{"name":"wp","href":"https:\/\/api.w.org\/{rel}","templated":true}]}}