{"id":77,"date":"2013-06-27T15:49:45","date_gmt":"2013-06-27T13:49:45","guid":{"rendered":"http:\/\/ff-buettelborn.de\/wp\/?page_id=77"},"modified":"2016-08-10T16:55:43","modified_gmt":"2016-08-10T14:55:43","slug":"mtf","status":"publish","type":"page","link":"http:\/\/ff-buettelborn.de\/wp\/?page_id=77","title":{"rendered":"MTF"},"content":{"rendered":"<p><a href=\"http:\/\/ff-buettelborn.de\/wp\/wp-content\/uploads\/2014\/07\/MTW-2014.jpg\"><img loading=\"lazy\" decoding=\"async\" class=\"aligncenter size-full wp-image-827\" src=\"http:\/\/ff-buettelborn.de\/wp\/wp-content\/uploads\/2014\/07\/MTW-2014.jpg\" alt=\"MTW 2014\" width=\"499\" height=\"130\" \/><\/a><\/p>\n<p>Mannschaftstransportwagen<br \/>\nFlorian B\u00fcttelborn 1\/19<\/p>\n<p>Fahrgestell: Opel Movano<br \/>\nAufbauhersteller \/ Ausbauer: Seewald &amp; Seewald Griesheim<\/p>\n<p>Baujahr: 2012<\/p>\n<p>Hubraum: 2299 ccm<br \/>\nLeistung: 92 kW<br \/>\nzul. Gesamtgewicht: 3.500kg<\/p>\n<p>Der Mannschaftstransportwagen (MTW) oder auch Mannschaftstransportfahrzeug (MTF) dient in erster Linie zum Transport von bis zu 8 Einsatzkr\u00e4ften. Durch den gro\u00dfen und robusten Laderaum mit Befestigungsm\u00f6glichkeiten kann er auch zum Transport von Ger\u00e4tschaften genutzt werden.<br \/>\nWeiterhin hat diese MTW am Heck ein Verkehrsleitsystem und kann so gut zur Absicherung der Einsatzstelle eingesetzt werden.<\/p>\n","protected":false},"excerpt":{"rendered":"<p>Mannschaftstransportwagen Florian B\u00fcttelborn 1\/19 Fahrgestell: Opel Movano Aufbauhersteller \/ Ausbauer: Seewald &amp; Seewald Griesheim Baujahr: 2012 Hubraum: 2299 ccm Leistung: 92 kW zul. Gesamtgewicht: 3.500kg Der Mannschaftstransportwagen (MTW) oder auch Mannschaftstransportfahrzeug (MTF) dient in erster Linie zum Transport von bis &hellip; <a href=\"http:\/\/ff-buettelborn.de\/wp\/?page_id=77\">Continue reading <span class=\"meta-nav\">&rarr;<\/span><\/a><\/p>\n","protected":false},"author":5,"featured_media":0,"parent":26,"menu_order":0,"comment_status":"closed","ping_status":"closed","template":"page-Fahrzeuge.php","meta":{"footnotes":""},"class_list":["post-77","page","type-page","status-publish","hentry"],"_links":{"self":[{"href":"http:\/\/ff-buettelborn.de\/wp\/index.php?rest_route=\/wp\/v2\/pages\/77","targetHints":{"allow":["GET"]}}],"collection":[{"href":"http:\/\/ff-buettelborn.de\/wp\/index.php?rest_route=\/wp\/v2\/pages"}],"about":[{"href":"http:\/\/ff-buettelborn.de\/wp\/index.php?rest_route=\/wp\/v2\/types\/page"}],"author":[{"embeddable":true,"href":"http:\/\/ff-buettelborn.de\/wp\/index.php?rest_route=\/wp\/v2\/users\/5"}],"replies":[{"embeddable":true,"href":"http:\/\/ff-buettelborn.de\/wp\/index.php?rest_route=%2Fwp%2Fv2%2Fcomments&post=77"}],"version-history":[{"count":2,"href":"http:\/\/ff-buettelborn.de\/wp\/index.php?rest_route=\/wp\/v2\/pages\/77\/revisions"}],"predecessor-version":[{"id":1039,"href":"http:\/\/ff-buettelborn.de\/wp\/index.php?rest_route=\/wp\/v2\/pages\/77\/revisions\/1039"}],"up":[{"embeddable":true,"href":"http:\/\/ff-buettelborn.de\/wp\/index.php?rest_route=\/wp\/v2\/pages\/26"}],"wp:attachment":[{"href":"http:\/\/ff-buettelborn.de\/wp\/index.php?rest_route=%2Fwp%2Fv2%2Fmedia&parent=77"}],"curies":[{"name":"wp","href":"https:\/\/api.w.org\/{rel}","templated":true}]}}