{"id":75,"date":"2013-06-27T15:49:26","date_gmt":"2013-06-27T13:49:26","guid":{"rendered":"http:\/\/ff-buettelborn.de\/wp\/?page_id=75"},"modified":"2016-08-10T16:54:11","modified_gmt":"2016-08-10T14:54:11","slug":"lf106","status":"publish","type":"page","link":"http:\/\/ff-buettelborn.de\/wp\/?page_id=75","title":{"rendered":"LF10\/6"},"content":{"rendered":"<p><a href=\"http:\/\/ff-buettelborn.de\/wp\/wp-content\/themes\/FFW\/images\/Fzg\/LF10_6.JPG\"><img loading=\"lazy\" decoding=\"async\" class=\"aligncenter size-full wp-image-5\" src=\"http:\/\/ff-buettelborn.de\/wp\/wp-content\/themes\/FFW\/images\/Fzg\/LF10_6.JPG\" alt=\"LF10_6\" width=\"499\" height=\"130\" \/><\/a><\/p>\n<p>L\u00f6schgruppenfahrzeug 10\/6 &#8211; LF10\/6<br \/>\nFlorian B\u00fcttelborn 1\/43<\/p>\n<p>Fahrgestell: Mercedes Benz<br \/>\nAufbauhersteller: Magirus<\/p>\n<p>Baujahr: 2009<\/p>\n<p>Hubraum: 4249 ccm<br \/>\nLeistung: 132 kW \/ 180 PS<br \/>\nBesonderheiten: Lichtmast, L\u00f6schwassertank mit 1000 Liter Wasser<\/p>\n<p>Das LF10\/6 dient vornehmlich zur Brandbek\u00e4mpfung. Mit einem L\u00f6schwasservorrat von 1000 Liter Wasser ist es auf die Wasserzuf\u00fchrung aus anderen Fahrzeugen oder dem Wassernetz bzw. aus Brunnen angewiesen. Die Durchf\u00fchrung technischer Hilfeleistungen kleineren Umfangs ist kein Problem mit diesem Fahrzeug. Es bildet mit seiner Besatzung (Gruppe &#8211; 1 Fahrzeugf\u00fchrer und 8 Personen Mannschaft) eine selbstst\u00e4ndige taktische Einheit. Im Brandeinsatz kann sich ein Trupp (2 Mann) bereits auf der Anfahrt mit Pressluft-Atemschutzger\u00e4ten ausr\u00fcsten.<\/p>\n<p>Zur Beladung geh\u00f6rt ein Stromerzeuger mit 13kVA, Kabeltrommeln, ein eingebauter Lichtmast (2 x 1kW Halogenstrahler) sowie 2 weiter 1kW Halogenstrahlern.<\/p>\n<p>Die eingeschobene Tragkraftspritze (TS) kann entnommen werden und durch einen Schlitten mit Nasssauger und Zubeh\u00f6r ersetzt werden.<\/p>\n<p>Auf dem Dach befindet sich eine Steckleiter mit einer L\u00e4nge von 8,40m.<\/p>\n","protected":false},"excerpt":{"rendered":"<p>L\u00f6schgruppenfahrzeug 10\/6 &#8211; LF10\/6 Florian B\u00fcttelborn 1\/43 Fahrgestell: Mercedes Benz Aufbauhersteller: Magirus Baujahr: 2009 Hubraum: 4249 ccm Leistung: 132 kW \/ 180 PS Besonderheiten: Lichtmast, L\u00f6schwassertank mit 1000 Liter Wasser Das LF10\/6 dient vornehmlich zur Brandbek\u00e4mpfung. Mit einem L\u00f6schwasservorrat von &hellip; <a href=\"http:\/\/ff-buettelborn.de\/wp\/?page_id=75\">Continue reading <span class=\"meta-nav\">&rarr;<\/span><\/a><\/p>\n","protected":false},"author":5,"featured_media":0,"parent":26,"menu_order":0,"comment_status":"closed","ping_status":"closed","template":"page-Fahrzeuge.php","meta":{"footnotes":""},"class_list":["post-75","page","type-page","status-publish","hentry"],"_links":{"self":[{"href":"http:\/\/ff-buettelborn.de\/wp\/index.php?rest_route=\/wp\/v2\/pages\/75","targetHints":{"allow":["GET"]}}],"collection":[{"href":"http:\/\/ff-buettelborn.de\/wp\/index.php?rest_route=\/wp\/v2\/pages"}],"about":[{"href":"http:\/\/ff-buettelborn.de\/wp\/index.php?rest_route=\/wp\/v2\/types\/page"}],"author":[{"embeddable":true,"href":"http:\/\/ff-buettelborn.de\/wp\/index.php?rest_route=\/wp\/v2\/users\/5"}],"replies":[{"embeddable":true,"href":"http:\/\/ff-buettelborn.de\/wp\/index.php?rest_route=%2Fwp%2Fv2%2Fcomments&post=75"}],"version-history":[{"count":2,"href":"http:\/\/ff-buettelborn.de\/wp\/index.php?rest_route=\/wp\/v2\/pages\/75\/revisions"}],"predecessor-version":[{"id":1034,"href":"http:\/\/ff-buettelborn.de\/wp\/index.php?rest_route=\/wp\/v2\/pages\/75\/revisions\/1034"}],"up":[{"embeddable":true,"href":"http:\/\/ff-buettelborn.de\/wp\/index.php?rest_route=\/wp\/v2\/pages\/26"}],"wp:attachment":[{"href":"http:\/\/ff-buettelborn.de\/wp\/index.php?rest_route=%2Fwp%2Fv2%2Fmedia&parent=75"}],"curies":[{"name":"wp","href":"https:\/\/api.w.org\/{rel}","templated":true}]}}