{"id":73,"date":"2013-06-27T15:49:06","date_gmt":"2013-06-27T13:49:06","guid":{"rendered":"http:\/\/ff-buettelborn.de\/wp\/?page_id=73"},"modified":"2016-08-10T16:56:21","modified_gmt":"2016-08-10T14:56:21","slug":"tlf1625","status":"publish","type":"page","link":"http:\/\/ff-buettelborn.de\/wp\/?page_id=73","title":{"rendered":"TLF16\/25"},"content":{"rendered":"<p><a href=\"http:\/\/ff-buettelborn.de\/wp\/wp-content\/themes\/FFW\/images\/Fzg\/TLF16-25.jpg\"><img loading=\"lazy\" decoding=\"async\" class=\"aligncenter size-full wp-image-5\" src=\"http:\/\/ff-buettelborn.de\/wp\/wp-content\/themes\/FFW\/images\/Fzg\/TLF16-25.jpg\" alt=\"TLF126-25\" width=\"499\" height=\"130\" \/><\/a>Tankl\u00f6schfahrzeug 16\/25 \u2013 TLF16\/25<br \/>\nFlorian B\u00fcttelborn 1\/22<br \/>\nFahrgestell: IVECO-Magirus EuroFire Allrad tector 140 E 28 W<\/p>\n<p>Baujahr: 2003<\/p>\n<p>Hubraum: 8424 ccm<br \/>\nLeistung: 202kW<br \/>\nzul. Gesamtgewicht: 14.500kg<\/p>\n<p>In B\u00fcttelborn seit 06\/2005<\/p>\n<p>Das TLF16\/25 dient vornehmlich auf Grund seines L\u00f6schwasservorrats (2500l) zur Durchf\u00fchrung eines Schnellangriffs und zur Versorgung von Einsatzstellen mit L\u00f6schwasser. Es bildet mit seiner Besatzung (Staffel &#8211; 1 Fahrzeugf\u00fchrer und 5 Personen Mannschaft) eine selbstst\u00e4ndige taktische Einheit. Aufgrund der &#8222;kleinen&#8220; Besatzung, ist diese schnell ausgereizt. In B\u00fcttelborn ist dieses Fahrzeug immer das Erste bei Brandeins\u00e4tzen oder in Verbindung mit dem R\u00fcstwagen bei der technischer Hilfeleistung.<\/p>\n<p>Zur Beladung geh\u00f6rt auch ein 5kVA Stromerzeuger mit Kabeltrommeln und 2 x 1kW Halogenstrahlern. So wie eine Tauchpume und eine Motorkettens\u00e4ge mit Schnittschuztausr\u00fcstung.<\/p>\n<p>Auf dem Dach befinden sich je eine Steckleiter mit einer L\u00e4nge von 8,40m und eine Schiebleiter mit einer L\u00e4nge von 14m. Weiterhin ist hier auch ein Monitor (Wasserwerfer) verlastet, der auf dem Dach oder aber auch auf dem Boden mit einer &#8222;Lafette&#8220; zum Einsatz gebracht werden kann.<\/p>\n","protected":false},"excerpt":{"rendered":"<p>Tankl\u00f6schfahrzeug 16\/25 \u2013 TLF16\/25 Florian B\u00fcttelborn 1\/22 Fahrgestell: IVECO-Magirus EuroFire Allrad tector 140 E 28 W Baujahr: 2003 Hubraum: 8424 ccm Leistung: 202kW zul. Gesamtgewicht: 14.500kg In B\u00fcttelborn seit 06\/2005 Das TLF16\/25 dient vornehmlich auf Grund seines L\u00f6schwasservorrats (2500l) zur &hellip; <a href=\"http:\/\/ff-buettelborn.de\/wp\/?page_id=73\">Continue reading <span class=\"meta-nav\">&rarr;<\/span><\/a><\/p>\n","protected":false},"author":5,"featured_media":0,"parent":26,"menu_order":0,"comment_status":"closed","ping_status":"closed","template":"page-Fahrzeuge.php","meta":{"footnotes":""},"class_list":["post-73","page","type-page","status-publish","hentry"],"_links":{"self":[{"href":"http:\/\/ff-buettelborn.de\/wp\/index.php?rest_route=\/wp\/v2\/pages\/73","targetHints":{"allow":["GET"]}}],"collection":[{"href":"http:\/\/ff-buettelborn.de\/wp\/index.php?rest_route=\/wp\/v2\/pages"}],"about":[{"href":"http:\/\/ff-buettelborn.de\/wp\/index.php?rest_route=\/wp\/v2\/types\/page"}],"author":[{"embeddable":true,"href":"http:\/\/ff-buettelborn.de\/wp\/index.php?rest_route=\/wp\/v2\/users\/5"}],"replies":[{"embeddable":true,"href":"http:\/\/ff-buettelborn.de\/wp\/index.php?rest_route=%2Fwp%2Fv2%2Fcomments&post=73"}],"version-history":[{"count":2,"href":"http:\/\/ff-buettelborn.de\/wp\/index.php?rest_route=\/wp\/v2\/pages\/73\/revisions"}],"predecessor-version":[{"id":1167,"href":"http:\/\/ff-buettelborn.de\/wp\/index.php?rest_route=\/wp\/v2\/pages\/73\/revisions\/1167"}],"up":[{"embeddable":true,"href":"http:\/\/ff-buettelborn.de\/wp\/index.php?rest_route=\/wp\/v2\/pages\/26"}],"wp:attachment":[{"href":"http:\/\/ff-buettelborn.de\/wp\/index.php?rest_route=%2Fwp%2Fv2%2Fmedia&parent=73"}],"curies":[{"name":"wp","href":"https:\/\/api.w.org\/{rel}","templated":true}]}}