{"id":674,"date":"2014-02-17T20:15:29","date_gmt":"2014-02-17T19:15:29","guid":{"rendered":"http:\/\/ff-buettelborn.de\/wp\/?page_id=674"},"modified":"2016-08-10T17:58:28","modified_gmt":"2016-08-10T15:58:28","slug":"was-ist-los","status":"publish","type":"page","link":"http:\/\/ff-buettelborn.de\/wp\/?page_id=674","title":{"rendered":"Was ist los"},"content":{"rendered":"<p>Hier finden Sie Termine und Veranstaltungen der Feuerwehr B\u00fcttelborn. Einige sind \u00f6ffentlich Termine, aber Sie sehen hier auch interne Termine die nur f\u00fcr Feuerwehrangeh\u00f6rige wichtig sind.<\/p>\n<p><iframe loading=\"lazy\" style=\"border-width: 0;\" src=\"https:\/\/www.google.com\/calendar\/embed?showTitle=0&amp;height=600&amp;wkst=2&amp;bgcolor=%23FFFFFF&amp;src=g5ieg1m14u6ig1b79dth4hrjvg%40group.calendar.google.com&amp;color=%23711616&amp;src=3ta8juvt5r3ia1d6v6kun62sq0%40group.calendar.google.com&amp;color=%23875509&amp;src=nupnaggpfm5rjd448u7kbqvs38%40group.calendar.google.com&amp;color=%235F6B02&amp;src=Jugend%40ff-buettelborn.de&amp;color=%23853104&amp;src=fh0mvu5do1e7rov0b808v6454g%40group.calendar.google.com&amp;color=%231B887A&amp;src=4nq5ihmir60ii48401uanijphm0qkoju%40import.calendar.google.com&amp;color=%23182C57&amp;src=bcvt0pf08qeaka37f9r1319265i37v4c%40import.calendar.google.com&amp;color=%23182C57&amp;src=p%23weeknum%40group.v.calendar.google.com&amp;color=%23182C57&amp;ctz=Europe%2FBerlin\" width=\"900\" height=\"600\" frameborder=\"0\" scrolling=\"no\"><\/iframe><\/p>\n<p><!--\n<a title=\"Termine2\" href=\"http:\/\/ff-buettelborn.de\/wp\/?page_id=418\">Weiter Termine<\/a>\n--><\/p>\n","protected":false},"excerpt":{"rendered":"<p>Hier finden Sie Termine und Veranstaltungen der Feuerwehr B\u00fcttelborn. Einige sind \u00f6ffentlich Termine, aber Sie sehen hier auch interne Termine die nur f\u00fcr Feuerwehrangeh\u00f6rige wichtig sind.<\/p>\n","protected":false},"author":5,"featured_media":0,"parent":0,"menu_order":50,"comment_status":"closed","ping_status":"closed","template":"page-Kalender.php","meta":{"footnotes":""},"class_list":["post-674","page","type-page","status-publish","hentry"],"_links":{"self":[{"href":"http:\/\/ff-buettelborn.de\/wp\/index.php?rest_route=\/wp\/v2\/pages\/674","targetHints":{"allow":["GET"]}}],"collection":[{"href":"http:\/\/ff-buettelborn.de\/wp\/index.php?rest_route=\/wp\/v2\/pages"}],"about":[{"href":"http:\/\/ff-buettelborn.de\/wp\/index.php?rest_route=\/wp\/v2\/types\/page"}],"author":[{"embeddable":true,"href":"http:\/\/ff-buettelborn.de\/wp\/index.php?rest_route=\/wp\/v2\/users\/5"}],"replies":[{"embeddable":true,"href":"http:\/\/ff-buettelborn.de\/wp\/index.php?rest_route=%2Fwp%2Fv2%2Fcomments&post=674"}],"version-history":[{"count":2,"href":"http:\/\/ff-buettelborn.de\/wp\/index.php?rest_route=\/wp\/v2\/pages\/674\/revisions"}],"predecessor-version":[{"id":953,"href":"http:\/\/ff-buettelborn.de\/wp\/index.php?rest_route=\/wp\/v2\/pages\/674\/revisions\/953"}],"wp:attachment":[{"href":"http:\/\/ff-buettelborn.de\/wp\/index.php?rest_route=%2Fwp%2Fv2%2Fmedia&parent=674"}],"curies":[{"name":"wp","href":"https:\/\/api.w.org\/{rel}","templated":true}]}}