{"id":454,"date":"2013-09-24T03:02:54","date_gmt":"2013-09-24T01:02:54","guid":{"rendered":"http:\/\/ff-buettelborn.de\/wp\/?page_id=454"},"modified":"2016-08-10T16:54:40","modified_gmt":"2016-08-10T14:54:40","slug":"kdow","status":"publish","type":"page","link":"http:\/\/ff-buettelborn.de\/wp\/?page_id=454","title":{"rendered":"KDOW"},"content":{"rendered":"<p><a href=\"http:\/\/ff-buettelborn.de\/wp\/wp-content\/themes\/FFW\/images\/Fzg\/KDOW.JPG\"><img loading=\"lazy\" decoding=\"async\" class=\"aligncenter size-full wp-image-5\" src=\"http:\/\/ff-buettelborn.de\/wp\/wp-content\/themes\/FFW\/images\/Fzg\/KDOW.JPG\" alt=\"KDOW\" width=\"499\" height=\"130\" \/><\/a><\/p>\n<p>Fahrgestell: Suzuki<\/p>\n<p>Aufbauhersteller \/ Ausbauer: Seewald &amp; Seewald<\/p>\n<p>Baujahr: ???<br \/>\nHubraum: ???<br \/>\nLeistung: ???<br \/>\nBesonderheiten: ???<\/p>\n<p>Beschreibung<\/p>\n<p>Der eigentliche Sinn des Kommandowagens (KdoW) ist es, als Fahrzeug f\u00fcr den Wehrleiter oder dessen Stellvertreter zu fungieren. Bei Eins\u00e4tzen ist somit h\u00f6chste Flexibilit\u00e4t f\u00fcr die Wehrleitung gew\u00e4hrleistet.<\/p>\n","protected":false},"excerpt":{"rendered":"<p>Fahrgestell: Suzuki Aufbauhersteller \/ Ausbauer: Seewald &amp; Seewald Baujahr: ??? Hubraum: ??? Leistung: ??? Besonderheiten: ??? Beschreibung Der eigentliche Sinn des Kommandowagens (KdoW) ist es, als Fahrzeug f\u00fcr den Wehrleiter oder dessen Stellvertreter zu fungieren. Bei Eins\u00e4tzen ist somit h\u00f6chste &hellip; <a href=\"http:\/\/ff-buettelborn.de\/wp\/?page_id=454\">Continue reading <span class=\"meta-nav\">&rarr;<\/span><\/a><\/p>\n","protected":false},"author":5,"featured_media":0,"parent":26,"menu_order":0,"comment_status":"closed","ping_status":"closed","template":"","meta":{"footnotes":""},"class_list":["post-454","page","type-page","status-publish","hentry"],"_links":{"self":[{"href":"http:\/\/ff-buettelborn.de\/wp\/index.php?rest_route=\/wp\/v2\/pages\/454","targetHints":{"allow":["GET"]}}],"collection":[{"href":"http:\/\/ff-buettelborn.de\/wp\/index.php?rest_route=\/wp\/v2\/pages"}],"about":[{"href":"http:\/\/ff-buettelborn.de\/wp\/index.php?rest_route=\/wp\/v2\/types\/page"}],"author":[{"embeddable":true,"href":"http:\/\/ff-buettelborn.de\/wp\/index.php?rest_route=\/wp\/v2\/users\/5"}],"replies":[{"embeddable":true,"href":"http:\/\/ff-buettelborn.de\/wp\/index.php?rest_route=%2Fwp%2Fv2%2Fcomments&post=454"}],"version-history":[{"count":1,"href":"http:\/\/ff-buettelborn.de\/wp\/index.php?rest_route=\/wp\/v2\/pages\/454\/revisions"}],"predecessor-version":[{"id":1037,"href":"http:\/\/ff-buettelborn.de\/wp\/index.php?rest_route=\/wp\/v2\/pages\/454\/revisions\/1037"}],"up":[{"embeddable":true,"href":"http:\/\/ff-buettelborn.de\/wp\/index.php?rest_route=\/wp\/v2\/pages\/26"}],"wp:attachment":[{"href":"http:\/\/ff-buettelborn.de\/wp\/index.php?rest_route=%2Fwp%2Fv2%2Fmedia&parent=454"}],"curies":[{"name":"wp","href":"https:\/\/api.w.org\/{rel}","templated":true}]}}