{"id":452,"date":"2013-09-24T03:02:20","date_gmt":"2013-09-24T01:02:20","guid":{"rendered":"http:\/\/ff-buettelborn.de\/wp\/?page_id=452"},"modified":"2019-07-22T15:18:54","modified_gmt":"2019-07-22T13:18:54","slug":"elw","status":"publish","type":"page","link":"http:\/\/ff-buettelborn.de\/wp\/?page_id=452","title":{"rendered":"ELW 1986"},"content":{"rendered":"<p><a href=\"http:\/\/ff-buettelborn.de\/wp\/wp-content\/themes\/FFW\/images\/Fzg\/ELW.JPG\"><img loading=\"lazy\" decoding=\"async\" class=\"aligncenter size-full wp-image-5\" src=\"http:\/\/ff-buettelborn.de\/wp\/wp-content\/themes\/FFW\/images\/Fzg\/ELW.JPG\" alt=\"ELW\" width=\"499\" height=\"130\" \/><\/a><\/p>\n<p>Fahrgestell: Mercedes Benz 207 (Benziner)<\/p>\n<p>Baujahr: 1986<br \/>\nAufbauhersteller: GFT<br \/>\nHubraum: 2275ccm<br \/>\nLeistung: 70kW<\/p>\n<p>Ein Einsatzleitwagen ist ein Feuerwehrfahrzeug, mit dem Einsatzleiter taktische Einheiten f\u00fchren. Er ist mit Kommunikationsmittel und anderer Ausr\u00fcstung zur F\u00fchrung taktischer Einheiten ausgestattet.<\/p>\n","protected":false},"excerpt":{"rendered":"<p>Fahrgestell: Mercedes Benz 207 (Benziner) Baujahr: 1986 Aufbauhersteller: GFT Hubraum: 2275ccm Leistung: 70kW Ein Einsatzleitwagen ist ein Feuerwehrfahrzeug, mit dem Einsatzleiter taktische Einheiten f\u00fchren. Er ist mit Kommunikationsmittel und anderer Ausr\u00fcstung zur F\u00fchrung taktischer Einheiten ausgestattet.<\/p>\n","protected":false},"author":5,"featured_media":0,"parent":81,"menu_order":0,"comment_status":"closed","ping_status":"closed","template":"","meta":{"footnotes":""},"class_list":["post-452","page","type-page","status-publish","hentry"],"_links":{"self":[{"href":"http:\/\/ff-buettelborn.de\/wp\/index.php?rest_route=\/wp\/v2\/pages\/452","targetHints":{"allow":["GET"]}}],"collection":[{"href":"http:\/\/ff-buettelborn.de\/wp\/index.php?rest_route=\/wp\/v2\/pages"}],"about":[{"href":"http:\/\/ff-buettelborn.de\/wp\/index.php?rest_route=\/wp\/v2\/types\/page"}],"author":[{"embeddable":true,"href":"http:\/\/ff-buettelborn.de\/wp\/index.php?rest_route=\/wp\/v2\/users\/5"}],"replies":[{"embeddable":true,"href":"http:\/\/ff-buettelborn.de\/wp\/index.php?rest_route=%2Fwp%2Fv2%2Fcomments&post=452"}],"version-history":[{"count":2,"href":"http:\/\/ff-buettelborn.de\/wp\/index.php?rest_route=\/wp\/v2\/pages\/452\/revisions"}],"predecessor-version":[{"id":1926,"href":"http:\/\/ff-buettelborn.de\/wp\/index.php?rest_route=\/wp\/v2\/pages\/452\/revisions\/1926"}],"up":[{"embeddable":true,"href":"http:\/\/ff-buettelborn.de\/wp\/index.php?rest_route=\/wp\/v2\/pages\/81"}],"wp:attachment":[{"href":"http:\/\/ff-buettelborn.de\/wp\/index.php?rest_route=%2Fwp%2Fv2%2Fmedia&parent=452"}],"curies":[{"name":"wp","href":"https:\/\/api.w.org\/{rel}","templated":true}]}}