{"id":273,"date":"2013-07-04T16:36:50","date_gmt":"2013-07-04T14:36:50","guid":{"rendered":"http:\/\/ff-buettelborn.de\/wp\/?page_id=273"},"modified":"2021-02-06T15:42:16","modified_gmt":"2021-02-06T14:42:16","slug":"mitglied-werden","status":"publish","type":"page","link":"http:\/\/ff-buettelborn.de\/wp\/?page_id=273","title":{"rendered":"Mitglied werden"},"content":{"rendered":"<h1>Sie m\u00f6chten Mitglied in der Feuerwehr B\u00fcttelborn werden?<\/h1>\n<p>Dann haben Sie zwei M\u00f6glichkeiten:<\/p>\n<p><b>AKTIV:<\/b> Sie sind \u00fcber 17 Jahre, haben Interesse an Technik, m\u00f6chten neue Leute kennenlernen und k\u00f6nnen sich in ein Team integrieren? Dann sind sie hier genau richtig. Wir suchen immer Menschen die bereit sind anderen zu Helfen. Was bieten wir Ihnen? Da wir eine freiwillige Feuerwehr sind, verdienen Sie bei uns kein Geld, aber Sie erhalten eine gute Aus- und Weiterbildung im Bereich Feuerwehr. Evtl. ist es f\u00fcr j\u00fcngere Leute ein Einstieg in eine neue Berufswelt als Berufs- oder Werksfeuerwehrmann \/ -frau. Sie werden regelm\u00e4\u00dfig \u00e4rztlichen Untersucht. Sie d\u00fcrfen in roten Fahrzeugen mitfahre, sp\u00e4ter auch selbst fahren. Evtl. ist der Erwerb der F\u00fchrerscheinklasse C\/C1E m\u00f6glich.<\/p>\n<p><b>PASSIV:<\/b> Als Mitglied des \u201eF\u00f6rderverein Freiwillige Feuerwehr B\u00fcttelborn 1930 e.V.\u201c unterst\u00fctzen Sie die Einsatzabteilung finanziell. Durch Ihren Beitrag ist es dem Verein m\u00f6glich Anschaffungen zu machen, f\u00fcr die die Gemeinde nicht aufkommen kann. So konnten in den letzten Jahren z.B. bei der Anschaffung von neuen Fahrzeugen mehrere Tausend EUR vom F\u00f6rderverein zugesteuert werden.<br \/>\nWeiterhin werden mit den Beitr\u00e4gen die Jugendarbeit in der Jugendfeuerwehr unterst\u00fctzt. Aus der Jugendfeuerwehr beziehen wir die meisten neuen Kammeraden.<\/p>\n<p>Wenn Sie Fragen zu dem Thema Mitgliedschaft haben, kommen Sie Freitags einmal vorbei oder melden Sie sich \u00fcber unser Kontaktformular (oben rechts).<\/p>\n<p><a href=\"http:\/\/ff-buettelborn.de\/wp\/wp-content\/themes\/FFW\/downloads\/Beitrittserklaerung Verein A5 neu.pdf\">Eintrittserkl\u00e4rung<\/a><\/p>\n<p>Eintrittserkl\u00e4rung herunterladen, ausf\u00fcllen,<span style=\"color: #ff0000;\"><strong> unterschreiben<\/strong><\/span> und zur\u00fcck zu uns.<br \/>\nDas Formular kann in den Briefkasten am Feuerwehrger\u00e4tehaus eingeworfen oder mit der Post an folgende Adresse geschickt werden:<\/p>\n<p><em>Feuerwehr B\u00fcttelborn<\/em><br \/>\n<em> Mainzer Stra\u00dfe 13<\/em><br \/>\n<em> 64572 B\u00fcttelborn<\/em><\/p>\n","protected":false},"excerpt":{"rendered":"<p>Sie m\u00f6chten Mitglied in der Feuerwehr B\u00fcttelborn werden? Dann haben Sie zwei M\u00f6glichkeiten: AKTIV: Sie sind \u00fcber 17 Jahre, haben Interesse an Technik, m\u00f6chten neue Leute kennenlernen und k\u00f6nnen sich in ein Team integrieren? Dann sind sie hier genau richtig. &hellip; <a href=\"http:\/\/ff-buettelborn.de\/wp\/?page_id=273\">Continue reading <span class=\"meta-nav\">&rarr;<\/span><\/a><\/p>\n","protected":false},"author":5,"featured_media":0,"parent":199,"menu_order":0,"comment_status":"closed","ping_status":"closed","template":"","meta":{"footnotes":""},"class_list":["post-273","page","type-page","status-publish","hentry"],"_links":{"self":[{"href":"http:\/\/ff-buettelborn.de\/wp\/index.php?rest_route=\/wp\/v2\/pages\/273","targetHints":{"allow":["GET"]}}],"collection":[{"href":"http:\/\/ff-buettelborn.de\/wp\/index.php?rest_route=\/wp\/v2\/pages"}],"about":[{"href":"http:\/\/ff-buettelborn.de\/wp\/index.php?rest_route=\/wp\/v2\/types\/page"}],"author":[{"embeddable":true,"href":"http:\/\/ff-buettelborn.de\/wp\/index.php?rest_route=\/wp\/v2\/users\/5"}],"replies":[{"embeddable":true,"href":"http:\/\/ff-buettelborn.de\/wp\/index.php?rest_route=%2Fwp%2Fv2%2Fcomments&post=273"}],"version-history":[{"count":5,"href":"http:\/\/ff-buettelborn.de\/wp\/index.php?rest_route=\/wp\/v2\/pages\/273\/revisions"}],"predecessor-version":[{"id":2061,"href":"http:\/\/ff-buettelborn.de\/wp\/index.php?rest_route=\/wp\/v2\/pages\/273\/revisions\/2061"}],"up":[{"embeddable":true,"href":"http:\/\/ff-buettelborn.de\/wp\/index.php?rest_route=\/wp\/v2\/pages\/199"}],"wp:attachment":[{"href":"http:\/\/ff-buettelborn.de\/wp\/index.php?rest_route=%2Fwp%2Fv2%2Fmedia&parent=273"}],"curies":[{"name":"wp","href":"https:\/\/api.w.org\/{rel}","templated":true}]}}