{"id":24,"date":"2013-06-25T19:59:26","date_gmt":"2013-06-25T17:59:26","guid":{"rendered":"http:\/\/ff-buettelborn.de\/wp\/?page_id=24"},"modified":"2023-07-06T12:23:38","modified_gmt":"2023-07-06T10:23:38","slug":"open-air-bei-de-feierwehr","status":"publish","type":"page","link":"http:\/\/ff-buettelborn.de\/wp\/?page_id=24","title":{"rendered":"Open Air bei de Feierwehr"},"content":{"rendered":"<p>Wir hoffen Sie hatten bei uns ein paar sch\u00f6ne Stunden und hoffen Sie auch n\u00e4chstes Jahr wieder begr\u00fc\u00dfen zu d\u00fcrfen. Denn nicht vergessen:<\/p>\n<p>Jedes Jahr\u00a0 immer wieder am Tag <b>vor<\/b> Fronleichnam:<\/p>\n<p>&nbsp;<\/p>\n<p>Open Air bei de&#8216; Feierwehr !!!<\/p>\n<p>n\u00e4chstes Mal am 29<u>.05.2024 (wenn uns Corona l\u00e4sst! )<\/u><\/p>\n<p><u><\/u>es spielt<\/p>\n<p><span style=\"color: #ff0000;\"><strong><em>? ? ?<\/em><\/strong><\/span><\/p>\n<p>In den letzten Jahren hat sich das Open Air als fest eingeplante Veranstaltung bei den B\u00fcttelbornern herausgestellt. Zumindestens zeigt uns der Zuschauerstrom dies jedes neue Mal wieder an.<\/p>\n<p>Der Eintritt ist jedes Jahr aufs neue FREI !!!<\/p>\n<p>Wir suchen immer wieder neue interessante Bands, die auch f\u00fcr die &#8222;breite Masse&#8220; spielen k\u00f6nnen. Also das Alter von ungef\u00e4hr 14-80 Jahren (wir wollen uns da nicht so festlegen). Also meldet euch mal bei uns.<\/p>\n<p>Sollte Deine Band Interesse haben bei uns zu spielen schickt euer Angebot inkl. Demo-CD an:<\/p>\n<p>Freiwillige Feuerwehr B\u00fcttelborn<br \/>\n<i>Stichwort: Open Air <\/i><br \/>\nMainzer Str.13<br \/>\n64572 B\u00fcttelborn<\/p>\n<p>eMail-Kontakt vorher w\u00e4re nicht schlecht.(siehe Kontakte)<\/p>\n<p>Die Open-Air Termine f\u00fcr die n\u00e4chsten Jahre:<\/p>\n","protected":false},"excerpt":{"rendered":"<p>Wir hoffen Sie hatten bei uns ein paar sch\u00f6ne Stunden und hoffen Sie auch n\u00e4chstes Jahr wieder begr\u00fc\u00dfen zu d\u00fcrfen. Denn nicht vergessen: Jedes Jahr\u00a0 immer wieder am Tag vor Fronleichnam: &nbsp; Open Air bei de&#8216; Feierwehr !!! n\u00e4chstes Mal &hellip; <a href=\"http:\/\/ff-buettelborn.de\/wp\/?page_id=24\">Continue reading <span class=\"meta-nav\">&rarr;<\/span><\/a><\/p>\n","protected":false},"author":5,"featured_media":0,"parent":199,"menu_order":0,"comment_status":"closed","ping_status":"closed","template":"page-openair.php","meta":{"footnotes":""},"class_list":["post-24","page","type-page","status-publish","hentry"],"_links":{"self":[{"href":"http:\/\/ff-buettelborn.de\/wp\/index.php?rest_route=\/wp\/v2\/pages\/24","targetHints":{"allow":["GET"]}}],"collection":[{"href":"http:\/\/ff-buettelborn.de\/wp\/index.php?rest_route=\/wp\/v2\/pages"}],"about":[{"href":"http:\/\/ff-buettelborn.de\/wp\/index.php?rest_route=\/wp\/v2\/types\/page"}],"author":[{"embeddable":true,"href":"http:\/\/ff-buettelborn.de\/wp\/index.php?rest_route=\/wp\/v2\/users\/5"}],"replies":[{"embeddable":true,"href":"http:\/\/ff-buettelborn.de\/wp\/index.php?rest_route=%2Fwp%2Fv2%2Fcomments&post=24"}],"version-history":[{"count":5,"href":"http:\/\/ff-buettelborn.de\/wp\/index.php?rest_route=\/wp\/v2\/pages\/24\/revisions"}],"predecessor-version":[{"id":2358,"href":"http:\/\/ff-buettelborn.de\/wp\/index.php?rest_route=\/wp\/v2\/pages\/24\/revisions\/2358"}],"up":[{"embeddable":true,"href":"http:\/\/ff-buettelborn.de\/wp\/index.php?rest_route=\/wp\/v2\/pages\/199"}],"wp:attachment":[{"href":"http:\/\/ff-buettelborn.de\/wp\/index.php?rest_route=%2Fwp%2Fv2%2Fmedia&parent=24"}],"curies":[{"name":"wp","href":"https:\/\/api.w.org\/{rel}","templated":true}]}}