{"id":223,"date":"2013-07-03T16:11:45","date_gmt":"2013-07-03T14:11:45","guid":{"rendered":"http:\/\/ff-buettelborn.de\/wp\/?page_id=223"},"modified":"2016-08-10T17:57:36","modified_gmt":"2016-08-10T15:57:36","slug":"links","status":"publish","type":"page","link":"http:\/\/ff-buettelborn.de\/wp\/?page_id=223","title":{"rendered":"Links"},"content":{"rendered":"<p><i>Mit Urteil vom 12. Mai 1998 hat das Landgericht Hamburg entschieden, dass man durch die Ausbringung eines Links die Inhalte der gelinkten Seite ggf. mit zu verantworten hat. Dies kann, so das Landgericht Hamburg, nur dadurch verhindert werden, da\u00df man sich ausdr\u00fccklich von diesen Inhalten distanziert. Wir haben auf unseren Seiten Links zu anderen Seiten im Internet gelegt. F\u00fcr alle diese Links gilt: Der Webmaster von dieser Homepage erkl\u00e4rt ausdr\u00fccklich, da\u00df wir keinerlei Einflu\u00df auf die Gestaltung und die Inhalte der gelinkten Seiten hat. Deshalb distanziere wir uns hiermit ausdr\u00fccklich von allen Inhalten aller gelinkten Seiten auf unsrer Homepage und machen uns diese Inhalte nicht zu Eigen. Diese Erkl\u00e4rung gilt f\u00fcr alle auf unserer Homepage angezeigten Links und f\u00fcr alle Inhalte der Seiten, zu denen die bei uns angemeldeten Banner und Links f\u00fchren und deshalb \u00fcbernehme wir keinerlei Haftung !!!<\/i><\/p>\n<h1>Feuerwehr-Links aus dem Kreis Gro&szlig;-Gerau<\/h1>\n<p>    <a href=\"http:\/\/feuerwehr-klein-gerau.de\" target=\"_blank\">FF Klein-Gerau \/ Ortsteil von B\u00fcttelborn<\/a><br \/>\n    <a href=\"http:\/\/www.ff-gg.de\/\" target=\"_blank\">FF Gro&szlig;-Gerau <\/a><br \/>\n    <a href=\"http:\/\/www.ff-worfelden.de\/\" target=\"_blank\">FF Worfelden \/ Ortsteil von B\u00fcttelborn<\/a><\/p>\n<p>    <a href=\"http:\/\/www.kfv-gg.de\" target=\"_blank\">Kreisfeuerwehrverband Gro&szlig;-Gerau<\/a><br \/>\n    <a href=\"http:\/\/www.ff-riedstadt.de\" target=\"_blank\">FF  Riedstadt<\/a><br \/>\n    <a href=\"http:\/\/www.feuerwehr-gigu.de\/\" target=\"_blank\">FF  Ginsheim-Gustavsburg<\/a><br \/>\n    <a href=\"http:\/\/www.ff-ruesselsheim.de\/\" target=\"_blank\">FF R&uuml;sselsheim<\/a><br \/>\n    <a href=\"http:\/\/www.feuerwehr-berkach.de\/index.php\" target=\"_blank\">FF Berkach<\/a><br \/>\n    <a href=\"http:\/\/www.ff-bauschheim.de\" target=\"_blank\">FF R\u00fc-Bauschheim<\/a><\/p>\n<p>    <a href=\"http:\/\/www.feuerwehr-moerfelden.de\" target=\"_blank\">FF M&ouml;rfelden<\/a><br \/>\n    <a href=\"http:\/\/www.ff-hassloch.de\" target=\"_blank\">FF R&uuml;-Hassloch<\/a><br \/>\n    <a href=\"http:\/\/www.feuerwehr-kelsterbach.de\" target=\"_blank\">FF-Kelsterbach<\/a><\/p>\n<p>    <a href=\"http:\/\/www.feuerwehr-walldorf.org\" target=\"_blank\">FF Walldorf<\/a><br \/>\n    <a href=\"http:\/\/www.feuerwehr-trebur.de\" target=\"_blank\">FF Trebur <\/a><br \/>\n    <a href=\"http:\/\/www.feuerwehr-wallerstaedten.de\" target=\"_blank\">FF Wallerst&auml;dten<\/a><\/p>\n<p>    <a href=\"http:\/\/www.feuerwehr-biebesheim.de\" target=\"_blank\">FF Biebesheim<\/a><br \/>\n    <a href=\"http:\/\/www.feuerwehr-raunheim.de\" target=\"_blank\">FF Raunheim<\/a><br \/>\n    <a href=\"http:\/\/www.ff-koenigstaedten.de\" target=\"_blank\">FF R\u00fc-K\u00f6nigst\u00e4dten<\/a><\/p>\n<p>    <a href=\"http:\/\/www.feuerwehr-bischofsheim.de\/\" target=\"_blank\">FF Bischofsheim<\/a><br \/>\n    <a href=\"http:\/\/www.ff-nauheim.de\" target=\"_blank\">FF Nauheim<\/a><br \/>\n    <a href=\"http:\/\/www.ff-stockstadt-rhein.de\" target=\"_blank\">FF Stockstadt<\/a><\/p>\n<h1>Feuerwehr-Links aus Hessen<\/h1>\n<p>    <a href=\"http:\/\/www.feuerwehr-darmstadt.de\/\" target=\"_blank\"><font size=\"2\">BF Darmstadt<\/a><br \/>\n    <a href=\"http:\/\/www.feuerwehr-weiterstadt.de\/\" target=\"_blank\">Fw Weiterstadt<\/a><br \/>\n    <a href=\"http:\/\/www.feuerwehr-bickenbach.de\" target=\"_blank\">FF Bickenbach<\/a><\/p>\n<p>    <a href=\"http:\/\/www.dadi-online.de\/feuerwehr\" target=\"_blank\">Landkreis Darmstadt-Dieburger Fw<\/a><br \/>\n    <a href=\"http:\/\/www.stadt-frankfurt.de\/feuerwehr\" target=\"_blank\">BF Frankfurt <\/a><br \/>\n    <a href=\"http:\/\/www.feuerwehr-hessen.de\" target=\"_blank\">Hessischer Feuerwehr- und Jugendfeuerwehr-Verband<\/a><\/p>\n<p>    <a href=\"http:\/\/www.hlfs.de\" target=\"_blank\">HLFS Hesische Landesfeuerwehrschule<\/a><br \/>\n    <a href=\"http:\/\/www.feuerwehr-wiesbaden.de\" target=\"_blank\">BF Wiesbaden<\/a><br \/>\n    <a href=\"http:\/\/www.hmdi.hessen.de\/internethmdi\/broker.jsp?uMen=4e970c87-5981-89fc-76d9-48fc951cbc49\" target=\"_blank\"><br \/>\n\tHessischer Verordnungen und Erlasse des HmdI f&uuml;r Feuerwehren<\/a><\/td>\n<h1>Feuerwehren aus Deutschland<\/h1>\n<\/td>\n<p>    <a href=\"http:\/\/www.ff-horneburg.de\" target=\"_blank\">FF Horneburg<\/a><br \/>\n    <a href=\"http:\/\/fflauterecken.jimdo.com\/\">Lauterecken<\/a><br \/>\n    <a href=\"http:\/\/www.feuerwehr-seelow-land.de\">Freiwillige Feuerwehr des Amtes Seelow Land<\/a> <\/p>\n<h1>weitere Links<\/h1>\n<p>    <a href=\"http:\/\/www.drk-buettelborn.de\" target=\"_blank\" >DRK OV B&uuml;ttelborn<\/a><br \/>\n    <a href=\"http:\/\/www.feuerwehr.hessen.de\" target=\"_blank\">Imagekampagne des Landes Hessen f&uuml;r die Feuerwehren<\/a><\/p>\n<p>    <a href=\"http:\/\/www.dfv.org\" target=\"_blank\">Deutscher Feuerwehr Verband<\/a><br \/>\n    <a href=\"http:\/\/www.feuerwehr.net\" target=\"_blank\">Feuerwehren Weltweit&nbsp;<\/a><br \/>\n    <a href=\"http:\/\/www.jugendfeuerwehr.de\" target=\"_blank\">Deutscher Jugendfeuerwehrverband<\/a><\/p>\n<p>    <a href=\"http:\/\/www.buettelborn.de\" target=\"_blank\">Ortsinfo B&uuml;telborn<\/a><br \/>\n    <a href=\"http:\/\/www.kreisstadt-gross-gerau.de\" target=\"_blank\">Kreisstadt Gro\u00df-Gerau<\/a><br \/>\n    <a href=\"http:\/\/www.hessen.de\" target=\"_blank\">Das Land Hessen<\/a><\/p>\n<p>    <a href=\"http:\/\/www.brandschutzkaspertheater.de\" target=\"_blank\">Der Brandschutzkasper<\/a><br \/>\n    <a href=\"http:\/\/www.thwgg.de\" target=\"_blank\">THW &#8211; Gro&szlig;-Gerau<\/a><br \/>\n    <a href=\"http:\/\/www.bbk.bund.de\/cln_027\/DE\/00__Home\/homepage__node.html__nnn=true\" target=\"_blank\">Bundesamt f&uuml;r Bev&ouml;lkerungsschutz <\/a><\/p>\n<p>    <a href=\"http:\/\/www.drk-dornheim.de\" target=\"_blank\">DRK &#8211; Dornheim<\/a><br \/>\n    <a href=\"http:\/\/www.drk-worfelden.de\/\" target=\"_blank\">DRK &#8211; Worfelden<\/a><br \/>\n    <a href=\"http:\/\/www.dlrg-ruesselsheim.de\/\" target=\"_blank\">DLRG &#8211; R&uuml;sselsheim<\/a><\/p>\n<p>    <a href=\"http:\/\/www.rauchmelder-lebensretter.de\" target=\"_blank\">Rauchmelder-Lebensretter<\/a><br \/>\n    <a href=\"http:\/\/www.dlrg.de.\/Gliederung\/Hessen\/Gross-Gerau\/\" target=\"_blank\">DLRG &#8211; Gro&szlig;-Gerau<\/a><br \/>\n    <a href=\"http:\/\/h-orgs.de\" target=\"_blank\">www.Hilfsorganisationen.de<\/a><\/p>\n<p>    <a href=\"http:\/\/www.kjfv-gg.de\" target=\"_blank\">Kreis Jugendfeuerwehr<\/a><\/p>\n","protected":false},"excerpt":{"rendered":"<p>Mit Urteil vom 12. Mai 1998 hat das Landgericht Hamburg entschieden, dass man durch die Ausbringung eines Links die Inhalte der gelinkten Seite ggf. mit zu verantworten hat. Dies kann, so das Landgericht Hamburg, nur dadurch verhindert werden, da\u00df man &hellip; <a href=\"http:\/\/ff-buettelborn.de\/wp\/?page_id=223\">Continue reading <span class=\"meta-nav\">&rarr;<\/span><\/a><\/p>\n","protected":false},"author":5,"featured_media":0,"parent":0,"menu_order":90,"comment_status":"closed","ping_status":"closed","template":"","meta":{"footnotes":""},"class_list":["post-223","page","type-page","status-publish","hentry"],"_links":{"self":[{"href":"http:\/\/ff-buettelborn.de\/wp\/index.php?rest_route=\/wp\/v2\/pages\/223","targetHints":{"allow":["GET"]}}],"collection":[{"href":"http:\/\/ff-buettelborn.de\/wp\/index.php?rest_route=\/wp\/v2\/pages"}],"about":[{"href":"http:\/\/ff-buettelborn.de\/wp\/index.php?rest_route=\/wp\/v2\/types\/page"}],"author":[{"embeddable":true,"href":"http:\/\/ff-buettelborn.de\/wp\/index.php?rest_route=\/wp\/v2\/users\/5"}],"replies":[{"embeddable":true,"href":"http:\/\/ff-buettelborn.de\/wp\/index.php?rest_route=%2Fwp%2Fv2%2Fcomments&post=223"}],"version-history":[{"count":1,"href":"http:\/\/ff-buettelborn.de\/wp\/index.php?rest_route=\/wp\/v2\/pages\/223\/revisions"}],"predecessor-version":[{"id":1263,"href":"http:\/\/ff-buettelborn.de\/wp\/index.php?rest_route=\/wp\/v2\/pages\/223\/revisions\/1263"}],"wp:attachment":[{"href":"http:\/\/ff-buettelborn.de\/wp\/index.php?rest_route=%2Fwp%2Fv2%2Fmedia&parent=223"}],"curies":[{"name":"wp","href":"https:\/\/api.w.org\/{rel}","templated":true}]}}