{"id":22,"date":"2013-06-25T19:58:49","date_gmt":"2013-06-25T17:58:49","guid":{"rendered":"http:\/\/ff-buettelborn.de\/wp\/?page_id=22"},"modified":"2019-01-26T10:40:08","modified_gmt":"2019-01-26T09:40:08","slug":"alters-und-ehrenabteilung","status":"publish","type":"page","link":"http:\/\/ff-buettelborn.de\/wp\/?page_id=22","title":{"rendered":"Alters- und Ehrenabteilung"},"content":{"rendered":"<p>Die Mitglieder der Alters- und Ehrenabteilung sind inaktive Kameraden die aufgrund Ihres Alters oder die aufgrund Ihres Gesundheitszustandes nicht mehr am aktiven Einsatzgeschehen teilnehmen k\u00f6nnen. Der aktive Kamerad wird mit Vollendung seines 60.Lebensjahres in die Alters- und Ehrenabteilung versetzt. Aber er bleibt ein gern gesehener Gast bei den Unterrichten und den Jahresvollversammlungen. Auch bei reinen Vereinsveranstaltungen wie <a href=\"?page_id=24\">Open Air bei de\u00b4 Feierwehr<\/a> oder z.B. dem Vatertagsausflug sind die Kameraden mit von der Partie und nat\u00fcrlich auch aktiv am Geschehen beteiligt. Am Kreisfeuerwehrtag sind die Kameraden gern gesehene G\u00e4ste und tauschen dort mit anderen ehemaligen Feuerwehrm\u00e4nnern die eine oder andere Anekdoten aus.<\/p>\n<div id=\"attachment_824\" style=\"width: 914px\" class=\"wp-caption aligncenter\"><a href=\"http:\/\/ff-buettelborn.de\/wp\/wp-content\/uploads\/2014\/07\/AuE-2014.jpg\"><img loading=\"lazy\" decoding=\"async\" aria-describedby=\"caption-attachment-824\" class=\"size-full wp-image-824\" src=\"http:\/\/ff-buettelborn.de\/wp\/wp-content\/uploads\/2014\/07\/AuE-2014.jpg\" alt=\"Die Kammeraden der Alters- und Ehrenabteilung im Jahre 2014\" width=\"904\" height=\"600\" srcset=\"http:\/\/ff-buettelborn.de\/wp\/wp-content\/uploads\/2014\/07\/AuE-2014.jpg 904w, http:\/\/ff-buettelborn.de\/wp\/wp-content\/uploads\/2014\/07\/AuE-2014-300x199.jpg 300w\" sizes=\"auto, (max-width: 904px) 100vw, 904px\" \/><\/a><p id=\"caption-attachment-824\" class=\"wp-caption-text\">Die Kammeraden der Alters- und Ehrenabteilung im Jahre 2014<\/p><\/div>\n<p>Leider beschr\u00e4nken sich derzeit die Aktivit\u00e4ten der Alters- und Ehrenabteilung haupts\u00e4chlich auf die Vereinsaktivit\u00e4ten der Einsatzabteilung. Eigene organisierte Ausfl\u00fcge oder Veranstaltungen sind derzeit leider nicht bekannt.<\/p>\n","protected":false},"excerpt":{"rendered":"<p>Die Mitglieder der Alters- und Ehrenabteilung sind inaktive Kameraden die aufgrund Ihres Alters oder die aufgrund Ihres Gesundheitszustandes nicht mehr am aktiven Einsatzgeschehen teilnehmen k\u00f6nnen. Der aktive Kamerad wird mit Vollendung seines 60.Lebensjahres in die Alters- und Ehrenabteilung versetzt. Aber &hellip; <a href=\"http:\/\/ff-buettelborn.de\/wp\/?page_id=22\">Continue reading <span class=\"meta-nav\">&rarr;<\/span><\/a><\/p>\n","protected":false},"author":5,"featured_media":0,"parent":188,"menu_order":0,"comment_status":"closed","ping_status":"closed","template":"","meta":{"footnotes":""},"class_list":["post-22","page","type-page","status-publish","hentry"],"_links":{"self":[{"href":"http:\/\/ff-buettelborn.de\/wp\/index.php?rest_route=\/wp\/v2\/pages\/22","targetHints":{"allow":["GET"]}}],"collection":[{"href":"http:\/\/ff-buettelborn.de\/wp\/index.php?rest_route=\/wp\/v2\/pages"}],"about":[{"href":"http:\/\/ff-buettelborn.de\/wp\/index.php?rest_route=\/wp\/v2\/types\/page"}],"author":[{"embeddable":true,"href":"http:\/\/ff-buettelborn.de\/wp\/index.php?rest_route=\/wp\/v2\/users\/5"}],"replies":[{"embeddable":true,"href":"http:\/\/ff-buettelborn.de\/wp\/index.php?rest_route=%2Fwp%2Fv2%2Fcomments&post=22"}],"version-history":[{"count":1,"href":"http:\/\/ff-buettelborn.de\/wp\/index.php?rest_route=\/wp\/v2\/pages\/22\/revisions"}],"predecessor-version":[{"id":1257,"href":"http:\/\/ff-buettelborn.de\/wp\/index.php?rest_route=\/wp\/v2\/pages\/22\/revisions\/1257"}],"up":[{"embeddable":true,"href":"http:\/\/ff-buettelborn.de\/wp\/index.php?rest_route=\/wp\/v2\/pages\/188"}],"wp:attachment":[{"href":"http:\/\/ff-buettelborn.de\/wp\/index.php?rest_route=%2Fwp%2Fv2%2Fmedia&parent=22"}],"curies":[{"name":"wp","href":"https:\/\/api.w.org\/{rel}","templated":true}]}}