{"id":214,"date":"2013-06-29T17:58:01","date_gmt":"2013-06-29T15:58:01","guid":{"rendered":"http:\/\/ff-buettelborn.de\/wp\/?page_id=214"},"modified":"2024-02-07T20:51:59","modified_gmt":"2024-02-07T19:51:59","slug":"cronik","status":"publish","type":"page","link":"http:\/\/ff-buettelborn.de\/wp\/?page_id=214","title":{"rendered":"Chronik"},"content":{"rendered":"<h1>Die Geschichte der Feuerwehr B\u00fcttelborn<\/h1>\n<p>In der Festschrift zum 50j\u00e4hrigen Bestehen der Freiwilligen Feuerwehr B\u00fcttelborn hatte Gerhard Rai\u00df eine umfangreiche Abhandlung \u00fcber das Feuerl\u00f6schwesen der Gemeinde B\u00fcttelborn ver\u00f6ffentlicht. Bei seinen Recherchen f\u00e4llt auf, da\u00df bei der Gemeinderechnung Unkosten \u00fcber die Bezahlung von Meldereitern, Fuhrleuten mit ihren Gespannen und L\u00f6schmannschaften sehr h\u00e4ufig waren. Es ist auch bemerkenswert, da\u00df der Grundsatz &#8222;wer zu erst kommt, mahlt zu erst&#8220; entscheidend war f\u00fcr die Bezahlung. Die Hatz auf den &#8222;Lohn&#8220; endete mit der Gr\u00fcndung der Freiwilligen Feuerwehr im Jahre 1930; hier ist anzumerken, da\u00df sich in B\u00fcttelborn erst relativ sp\u00e4t eine Freiwillige Feuerwehr gr\u00fcndete. Bis dahin wurde allenthalben das &#8222;L\u00f6schen&#8220; von Pflichtfeuerwehren bew\u00e4ltigt.<\/p>\n<p>Das Feuerl\u00f6schwesen in B\u00fcttelborn ist eng verbunden mit der Familie Klink in der Weiterst\u00e4dter Stra\u00dfe. In einer Auflistung der Feuerwehrpflichtigen aus dem Jahre 1886 wird Peter Klink IV. als Kommandant gef\u00fchrt. Die am 17. Juli 1930 durch den Kreisausschu\u00df des Kreises Gro\u00df-Gerau genehmigte Satzung der Freiwilligen Feuerwehr B\u00fcttelborn ist unterschrieben von &#8222;L. Klink, I. Kommandant&#8220; und &#8222;Gg. Hamm, II. Kommandant&#8220;. Schlossermeister Ludwig Klink [im Ort der Schlosser-Lui] war Kommandant bis 1949. Es soll an dieser Stelle nicht unerw\u00e4hnt bleiben, da\u00df die Lehrlinge der Schlosserei montags die bei den sonnt\u00e4glichen \u00dcbungen verschmutzten Schl\u00e4uche waschen und am Rathaus zum Trocknen aufh\u00e4ngen mu\u00dften.<\/p>\n<p>Nachfolger des 70j\u00e4hrigen L. Klink wurde 1949 sein Stellvertreter Jakob Hamm. In einer au\u00dferordentlichen Jahreshauptversammlung wurde er am 4. Juli 1953 von Peter Schmidt abgel\u00f6st. II. Kommandant wurde Willi Schilling. Bei der Jahreshauptversammlung 1954 im &#8222;Sch\u00fctzenhof&#8220; wurde Peter Schmidt als I. Kommandant best\u00e4tigt und Wilhelm Friehl zum II. Kommandant gew\u00e4hlt. Als II. Kommandanten waren ebenfalls Ludwig G\u00f6lzenleuchter und Kurt Rein vorgeschlagen. Gruppenf\u00fchrer wurde: Ludwig G\u00f6lzenleuchter, Philipp Astheimer, Karl Lautz und Kurt Rein. Best\u00e4tigt wurde als Schriftf\u00fchrer Joseph Maurer, als Kassier Adam Nau und als Unterkassier Gerd J\u00e4kel. Wilhelm Barthel und Georg Friedmann wurden als Inaktive in den Vorstand gew\u00e4hlt.<\/p>\n<p>Im Hinblick auf das 25j\u00e4hrige Gr\u00fcndungsjubil\u00e4um beschlie\u00dft der Vorstand am 16. Mai 1954 eine Haussammlung f\u00fcr die Anschaffung eines Banners durchzuf\u00fchren. Ferner soll f\u00fcr den Umzug anl. des Spargelfestes [!] eine Rolle dekoriert werden. Beim 25j\u00e4hrigen Jubil\u00e4um vom 30. 7. bis 1. 8. 1955 konnte das von der Einwohnerschaft bezahlte Banner geweiht werden. Als Jubil\u00e4umsgeschenk gab es ferner ein neues Feuerwehrger\u00e4tehaus auf dem Grundst\u00fcck der B\u00fcrgermeisterei. Den Platz hatte die Feuerwehr einem Brand zu verdanken, dem ein Teil der sogenannten Hofscheuer zum Opfer gefallen war. Bis dahin waren die L\u00f6schger\u00e4te in der Mainzer Stra\u00dfe 1 (jetzt Volksbank) und in der Darmst\u00e4dter Stra\u00dfe (jetzt Bauhof ehemals Bushalle) untergestellt. Gefeiert wurde im Festzelt auf dem Sportplatz an der Turnhalle. Sonntags gab es einen Umzug durch den festlich geschm\u00fcckten Ort.<\/p>\n<div id=\"attachment_233\" style=\"width: 475px\" class=\"wp-caption aligncenter\"><a href=\"http:\/\/ff-buettelborn.de\/wp\/wp-content\/uploads\/2013\/07\/Bannerweihe1955.gif\"><img loading=\"lazy\" decoding=\"async\" aria-describedby=\"caption-attachment-233\" class=\"size-full wp-image-233\" src=\"http:\/\/ff-buettelborn.de\/wp\/wp-content\/uploads\/2013\/07\/Bannerweihe1955.gif\" alt=\"Bannerweihe 1955 Personen von links (im Vordergrund): Gert Thurau, Joseph Maurer, Heinz G\u00f6lzenleuchter, Peter Schmidt Personen von links (im Hintergrund): Kurt Rein, Adam Nau, Liesel Rai\u00df geb. Hirsch, Hildeg. Hinzen geb. Wenchel, Marianne Ruppert geb. Kreim, Anneliese K\u00f6bel geb. Hamm, Mathilde Kramer geb. Hamm, Ella Rai\u00df geb. Rai\u00df, Monika Hill (USA) \" width=\"465\" height=\"335\" \/><\/a><p id=\"caption-attachment-233\" class=\"wp-caption-text\">Bannerweihe 1955<br \/>Personen von links (im Vordergrund): Gert Thurau, Joseph Maurer, Heinz G\u00f6lzenleuchter, Peter Schmidt<br \/>Personen von links (im Hintergrund): Kurt Rein, Adam Nau, Liesel Rai\u00df geb. Hirsch, Hildeg. Hinzen geb. Wenchel, Marianne Ruppert geb. Kreim, Anneliese K\u00f6bel geb. Hamm, Mathilde Kramer geb. Hamm, Ella Rai\u00df geb. Rai\u00df, Monika Hill (USA)<\/p><\/div>\n<p>Am 6. April 1956, ist in den Annalen nachzulesen, hatte Wilhelm Friehl zu einer Vorstandssitzung mit Gemeindevertretern in die B\u00fcrgermeisterei eingeladen. Friehl verla\u00df einen Brief von Adam Nau, der Vorw\u00fcrfe gegen den I. Kommandanten Peter Schmidt enthielt. Dieser meldete sich zu Wort und meinte, da\u00df ein II. Kommandant keine Vorstandssitzung einberufen k\u00f6nne, ohne den I. Kommandanten zu fragen. Dem widersprach B\u00fcrgermeister F\u00fchrer; denn drei Jahre zuvor hatte Schmidt ebenfalls als II. Kommandant zur au\u00dferordentlichen Generalversammlung ins Gasthaus &#8222;Zur Krone&#8220; eingeladen. Die aufgetretenen Meinungsverschiedenheiten konnten nur oberfl\u00e4chlich beigelegt werden. In einer weiteren Sitzung im Gasthaus &#8222;Zum Onkel Otto&#8220; kam es am 6. Oktober 1956 zum Eklat wegen eines Unfalles von Kurt Rein beim Anlassen eines Feuerwehrautos worauf Peter Schmidt sein Amt als I. Kommandant niederlegte und die Sitzung verlie\u00df. Wilhelm Friehl wurde mit der kommissarischen F\u00fchrung der Feuerwehr betraut. Friehl erkl\u00e4rte drei Tage sp\u00e4ter in der n\u00e4chsten Vorstandssitzung, ihm fehlte die n\u00f6tige Zeit die Feuerwehr zu f\u00fchren. Kurt Rein wurde mit der kommissarischen Leitung der Feuerwehr betraut. Die offizielle Wahl Reins erfolgte einstimmig in der Generalversammlung am 20. Januar 1957 im Gasthaus &#8222;Zum Sch\u00fctzenhof&#8220;. In dieser Versammlung wird auch die Eintragung ins Vereinsregister mit den entsprechenden Satzungs\u00e4nderungen beschlossen.<\/p>\n<p>Am 26. April 1957 erh\u00e4lt die Freiwillige Feuerwehr B\u00fcttelborn e.V. einen Steuerbescheid f\u00fcr 1955 in H\u00f6he von 1.336,00 DM f\u00fcr K\u00f6rperschaftssteuer und 116,65 DM Abgabe &#8222;Notopfer Berlin&#8220; anl. der Eink\u00fcnfte aus dem 25j\u00e4hrigen Jubil\u00e4um. Nach langen Verhandlungen und Einspr\u00fcchen wurden der Feuerwehr die Forderungen erlassen. Es mu\u00dften allerdings Nachweise \u00fcber Eigenleistungen und die Verwendung des Gewinns f\u00fcr Ausr\u00fcstung und Ger\u00e4te erbracht werden.<\/p>\n<p>Beim Rosensonntagsumzug 1958 verkaufte die Feuerwehr erstmals an den Ortseing\u00e4ngen den Besuchern Umzugsplaketten. Diese Aufgabe wurde bis zum Jahre 1985 wahrgenommen. Insgesamt \u00fcberwies die Feuerwehr dem Kulturring einen Betrag von 104.945,45 DM, bei einem Kartenpreis von anfangs 50 Pfennig!<\/p>\n<div id=\"attachment_234\" style=\"width: 482px\" class=\"wp-caption aligncenter\"><a href=\"http:\/\/ff-buettelborn.de\/wp\/wp-content\/uploads\/2013\/07\/GH1958.gif\"><img loading=\"lazy\" decoding=\"async\" aria-describedby=\"caption-attachment-234\" class=\"size-full wp-image-234\" src=\"http:\/\/ff-buettelborn.de\/wp\/wp-content\/uploads\/2013\/07\/GH1958.gif\" alt=\"Feuerwehrger\u00e4tehalle bis 1958 Darmst\u00e4dter Str. 45\" width=\"472\" height=\"312\" \/><\/a><p id=\"caption-attachment-234\" class=\"wp-caption-text\">Feuerwehrger\u00e4tehalle bis 1958 Darmst\u00e4dter Str. 45<\/p><\/div>\n<p>\u00dcberwiegend in Eigenhilfe konnte ab 1958 die Feuerwehr die bis dahin im Rohbau stehende Wohnung im Feuerwehrger\u00e4tehaus fertigstellen. 1959 zog Philipp G\u00f6lzenleuchter als frisch gew\u00e4hlter Ger\u00e4tewart ein. Im gleichen Jahr konnte der Schulungsraum erstmals genutzt werden, dessen Bestuhlung die Henninger Brauerei zur Verf\u00fcgung stellte.<\/p>\n<p>Eine neue Tragkraftspritze stellte die Feuerwehr am 16. Nov. 1959 in Dienst. In der Generalversammlung 1963 gab B\u00fcrgermeister Imhof die Beschaffung eines Tankl\u00f6schfahrzeuges bekannt. Zu diesem Zeitpunkt verf\u00fcgte nur die R\u00fcsselsheimer Feuerwehr \u00fcber ein solches Fahrzeug. Am 8.Mai 1964 war es endlich so weit. Der aus US-Army-Best\u00e4nden stammende &#8222;Tanker&#8220; wurde in Dienst gestellt. Das Fahrzeug -ein Magirus\/Deutz, Baujahr 1956 mit 2.000 Liter Tankinhalt &#8211; war bis Januar 1977 im Einsatz.<\/p>\n<p>Bei der Vorstandswahl 1967 kandidierte der langj\u00e4hrige Kassierer Adam Nau nicht mehr. Seinen Posten \u00fcbernahm Philipp Astheimer. Er \u00fcbte diese T\u00e4tigkeit bis 1996 aus!<\/p>\n<p>1968 befa\u00dfte sich der Vorstand mit der Erweiterung des Feuerwehrger\u00e4tehauses und stimmte den vorgelegten Pl\u00e4nen zu. Bei der Generalversammlung im Januar 1969 teilte B\u00fcrgermeister Imhof mit, da\u00df der Ausbau des Feuerwehrger\u00e4tehauses bereits genehmigt sei und weit \u00fcber 100.000 DM kosten werde. Am 14. April 1973 konnte der Erweiterungsbau eingeweiht werden. Die Feuerwehr hatte den Rohbau unter der fachm\u00e4nnischen Leitung von Karlheinz Schilling in 2.688 Selbsthilfestunden hergestellt!<\/p>\n<div id=\"attachment_232\" style=\"width: 474px\" class=\"wp-caption aligncenter\"><a href=\"http:\/\/ff-buettelborn.de\/wp\/wp-content\/uploads\/2013\/07\/GH-Bau-1973.gif\"><img loading=\"lazy\" decoding=\"async\" aria-describedby=\"caption-attachment-232\" class=\"size-full wp-image-232\" src=\"http:\/\/ff-buettelborn.de\/wp\/wp-content\/uploads\/2013\/07\/GH-Bau-1973.gif\" alt=\"Bau des neuen Ger\u00e4tehauses Mainzer Stra\u00dfe 13\" width=\"464\" height=\"318\" \/><\/a><p id=\"caption-attachment-232\" class=\"wp-caption-text\">Bau des neuen Ger\u00e4tehauses Mainzer Stra\u00dfe 13<\/p><\/div>\n<p>1970 bekam die Feuer- wehr ein zweites Tankl\u00f6schfahrzeug (Metz\/Ford) mit einem Wasserinhalt von 1.000 Liter. Das Fahrzeug stammte ebenfalls aus US-Army-Best\u00e4nden und wurde von der Bundeswehr auf deutsche Normanschl\u00fcsse um- gebaut. Die Gemeinde erwarb das Fahrzeug bei der VEBEG 1970. Es war bis 1982 im Einsatz.<\/p>\n<p>Am 26. Januar 1973 empfiehlt der Vorstand die Beschaffung eines Unimogger\u00e4tewagen aus Bundeswehrbest\u00e4nden. Das Fahrzeug wird in Eigenleistung best\u00fcckt mit: Kraftspritze (TS 8\/8), Stromgenerator sowie Ausr\u00fcstung f\u00fcr eine L\u00f6schgruppe (9 Personen). Im November 1976 \u00fcbernimmt die Feuerwehr ein neues Tankl\u00f6schfahrzeug TLF 16. Alles was Rang und Namen hatte, war bei der Indienststellung vertreten. Am 1. Juli 1977 wird die Funkalarmierung der Freiwilligen Feuerwehr B\u00fcttelborn eingef\u00fchrt. Bei Der Jahreshauptversammlung 1978 wird Hans Rai\u00df zum zweiten Vorsitzenden des Vereins &#8222;Freiwillige Feuerwehr&#8220; gew\u00e4hlt. Dies wurde m\u00f6glich, da das Hessische Brandschutzhilfeleistungsgesetz mittlerweile zwischen Einsatzabteilung und Feuerwehrverein unterschied.<\/p>\n<p>Vom 20. bis 23. Juni 1980 feierte die Freiwillige Feuerwehr B\u00fcttelborn ihr 50. Gr\u00fcndungsjubil\u00e4um. Genau wie 25 Jahre zuvor, war auf dem Sportplatz an der Friedrich-Ludwig-Jahn-Stra\u00dfe ein Festzelt aufgebaut. \u00dcber vier Tage beherrschten Blaur\u00f6cke das Erscheinungsbild von B\u00fcttelborn und alle B\u00fcttelborner Ortsvereine unterst\u00fctzen das Jubil\u00e4um.<\/p>\n<p>In den Jahren von 1975 bis 1981 \u00fcbernahm die Feuerwehr die Haussammlungen f\u00fcr den Volksbund Deutscher Kriegsgr\u00e4berf\u00fcrsorge und konnte so die Arbeit des Verbandes mit insgesamt 19.896,48 DM unterst\u00fctzen.<\/p>\n<p>1981 bahnt sich bei der Freiwilligen Feuerwehr B\u00fcttelborn der Alterswechsel an. Wilhelm Friehl stellte sein Amt als stellvertretender Wehrf\u00fchrer nach 27 Jahren bei der Generalversammlung zur Verf\u00fcgung.<\/p>\n<p>Ein bedeutendes Datum f\u00fcr die Freiwillige Feuerwehr war Sonntag, der 5. Okt. 1981. An diesem Tag gr\u00fcndete sich die Jugendfeuerwehr. Als Jugendwart betreute Ralf Germann die Jugendlichen.<\/p>\n<p>1982 schlie\u00dft die Gemeinde B\u00fcttelborn mit der Kreisstadt Gro\u00df-Gerau einen Vertrag \u00fcber das Waschen und die Pflege der Feuerwehrschl\u00e4uche ab. Die Stadt verpflichtet sich gleichzeitig, die Atemluftflaschen kostenlos zu f\u00fcllen. Damit tritt f\u00fcr das Feuerwehrpersonal eine gro\u00dfe Erleichterung ein. Nach \u00dcbungen und Eins\u00e4tzen war es eine erhebliche Arbeit gewesen, das Schlauchmaterial mit den zur Verf\u00fcgung stehenden Mitteln zu reinigen und zu pflegen.<\/p>\n<p>Ebenfalls 1982 erh\u00e4lt die Freiwillige Feuerwehr ein neues &#8222;LF 8 schwer&#8220;. Mit diesem Fahrzeug war der Generationswechsel bei den Fahrzeugen abgeschlossen. In der Vorstandssitzung am 18. Aug. 1982 teilte Kurt Rein mit, da\u00df er nach 28 aktiven Jahren aus gesundheitlichen Gr\u00fcnden als Wehrf\u00fchrer nicht mehr kandidieren werde. Aus dem gleichen Grund stellt er sich auch nicht mehr als Ortsbrandmeister zur Wahl. In dieses Amt folgt ihm 1983 Dieter Hirsch. In der Generalversammlung am 10. Feb. 1982 wird Hans-J\u00fcrgen Barthel zum Wehrf\u00fchrer der Freiwilligen Feuerwehr B\u00fcttelborn und zum Vereinsvorsitzenden der Freiwilligen Feuerwehr B\u00fcttelborn e.V. gew\u00e4hlt.<\/p>\n<p>Am 9. Jan. 1984 konnte die Feuerwehr die sogenannte &#8222;stille Alarmierung&#8220; durch die Anschaffung von 10 Funkmeldeempf\u00e4ngern einleiten. Ein erheblicher Teil der Alarme konnte nun ohne Sirene ausgef\u00fchrt werden.<\/p>\n<p><b>Kurt Rein \/ H.-J. S <\/b><\/p>\n<p align=\"right\">Dieser Text mitsamt den Bildern wurde uns vom Heimat- und Geschichtsverein B\u00fcttelborn zur Verf\u00fcgung gestellt.<\/p>\n<p align=\"right\"><b><br \/>\nHierf\u00fcr recht vielen Dank !<\/b><\/p>\n<p><center><br \/>\nJ\u00fcngere Geschichte der Feuerwehr<\/center><br \/>\n<b>Vorstand 2004<\/b><\/p>\n<div id=\"attachment_240\" style=\"width: 650px\" class=\"wp-caption aligncenter\"><a href=\"http:\/\/ff-buettelborn.de\/wp\/wp-content\/uploads\/2013\/07\/VS2004.jpg\"><img loading=\"lazy\" decoding=\"async\" aria-describedby=\"caption-attachment-240\" class=\"size-full wp-image-240\" src=\"http:\/\/ff-buettelborn.de\/wp\/wp-content\/uploads\/2013\/07\/VS2004.jpg\" alt=\"Vorstand 2004 Stehende Reihe: Hans-Ulrich Friedmann, Thomas Maul, Anke Hamm, Dieter M\u00fcller, Lucas Fricke, Florian J\u00e4kel, Hans-J\u00fcrgen Barthel Sitzende Reihe: Werner Barthel, Thomas Klink, Wilfried Rai\u00df, Michael Maul\" width=\"640\" height=\"438\" srcset=\"http:\/\/ff-buettelborn.de\/wp\/wp-content\/uploads\/2013\/07\/VS2004.jpg 640w, http:\/\/ff-buettelborn.de\/wp\/wp-content\/uploads\/2013\/07\/VS2004-300x205.jpg 300w\" sizes=\"auto, (max-width: 640px) 100vw, 640px\" \/><\/a><p id=\"caption-attachment-240\" class=\"wp-caption-text\">Vorstand 2004<br \/>Stehende Reihe: Hans-Ulrich Friedmann, Thomas Maul, Anke Hamm, Dieter M\u00fcller, Lucas Fricke, Florian J\u00e4kel, Hans-J\u00fcrgen Barthel<br \/>Sitzende Reihe: Werner Barthel, Thomas Klink, Wilfried Rai\u00df, Michael Maul<\/p><\/div>\n<p>Florian J\u00e4kel wieder Wehrf\u00fchrer<\/p>\n<p>2021Erich K\u00f6th legt das Amt des Gemeindebrandinspektors, aus gesundheitlichen Gr\u00fcnden, nieder. Sein Stellvertreter, Werner Barthel, r\u00fcckt auf dieses Amt vor und Marcus Grimberger wird neuer Stellvertreter.<\/p>\n<p>2021In der Dienstversammlung wurden Alexander Sch\u00fcssler als Wehrf\u00fchrer, Tobias Graf und Tobias Kraus als Stellvertreter von der Mannschaft gew\u00e4hlt<br \/>\nNach dem R\u00fccktritt von Sven Riekstins wurde Julia Graf als Vorsitzende und Luke Bluett als Stellvertreter gew\u00e4hlt.<br \/>\nDas Thema Corona ist noch immer aktuell.<br \/>\nWeiterhin geht es bei dem Thema Ger\u00e4tehausneubau nicht wirklich weiter. Immer wieder musste der Verein und die Einsatzabteilung in diesem Jahr auf den desolaten Zustand des Ger\u00e4tehaus (auch in der \u00d6ffentlichkeit) hinweisen, damit sich etwas bewegte. Die ersten Gedanken f\u00fcr einen Neubau wurden bereits 2016 gemacht!<\/p>\n<p>Durch den R\u00fccktritt von Alexander Sch\u00fcssler als Wehrf\u00fchrer wurde Tobias Graf zum neuen Wehrf\u00fchrer und Tobias Krau\u00df zum alleinigen Stellvertreter gew\u00e4hlt<\/p>\n<table cellspacing=\"0\" cellpadding=\"0\">\n<tbody>\n<tr>\n<td class=\"xl63\" width=\"73\">\n<h3>Jahr<\/h3>\n<\/td>\n<td width=\"761\">\n<h3>Beschreibung<\/h3>\n<\/td>\n<\/tr>\n<tr>\n<td class=\"xl64\">1982<\/td>\n<td>H.J Barthel Wehrf\u00fchrer und Dieter M\u00fcller stell. Wehrf\u00fchrer<\/td>\n<\/tr>\n<tr>\n<td class=\"xl64\">1983<\/td>\n<td><\/td>\n<\/tr>\n<tr>\n<td class=\"xl64\">1984<\/td>\n<td><\/td>\n<\/tr>\n<tr>\n<td class=\"xl64\">1985<\/td>\n<td><\/td>\n<\/tr>\n<tr>\n<td class=\"xl64\">1986<\/td>\n<td><\/td>\n<\/tr>\n<tr>\n<td class=\"xl64\">1987<\/td>\n<td><\/td>\n<\/tr>\n<tr>\n<td class=\"xl64\">1988<\/td>\n<td>Erneuter Umbau des Ger\u00e4tehauses &#8211; Schaffung eines eigenen Jugendraum f\u00fcr die JFW im Erdgeschoss und f\u00fcr die Einsatzabteilung einen neuen Unterrichtsraum, K\u00fcche, Toiletten und ein B\u00fcro im 1. OG \u00fcber der &#8222;Unimoghalle&#8220;. Die meisten Arbeiten wurden in Eigenleistung erbracht.<\/td>\n<\/tr>\n<tr>\n<td class=\"xl64\">1989<\/td>\n<td>Anschaffung ELW<\/td>\n<\/tr>\n<tr>\n<td class=\"xl64\">1990<\/td>\n<td><\/td>\n<\/tr>\n<tr>\n<td class=\"xl64\">1991<\/td>\n<td><\/td>\n<\/tr>\n<tr>\n<td class=\"xl64\">1992<\/td>\n<td><\/td>\n<\/tr>\n<tr>\n<td class=\"xl64\">1993<\/td>\n<td>W. Barthel Wehrf\u00fchrer und Dieter M\u00fcller stell. Wehrf\u00fchrer<\/td>\n<\/tr>\n<tr>\n<td class=\"xl64\">1994<\/td>\n<td><\/td>\n<\/tr>\n<tr>\n<td class=\"xl64\">1995<\/td>\n<td><\/td>\n<\/tr>\n<tr>\n<td class=\"xl64\">1996<\/td>\n<td>M. Maul Wehrf\u00fchrer und Dieter M\u00fcller stell. Wehrf\u00fchrer<\/td>\n<\/tr>\n<tr>\n<td class=\"xl64\">1997<\/td>\n<td><\/td>\n<\/tr>\n<tr>\n<td class=\"xl64\">1998<\/td>\n<td><\/td>\n<\/tr>\n<tr>\n<td class=\"xl64\">1999<\/td>\n<td><\/td>\n<\/tr>\n<tr>\n<td class=\"xl64\">2000<\/td>\n<td><\/td>\n<\/tr>\n<tr>\n<td class=\"xl64\">2001<\/td>\n<td>Anschaffung Unimog<\/td>\n<\/tr>\n<tr>\n<td class=\"xl64\">2002<\/td>\n<td>M. Maul Wehrf\u00fchrer und W. Barthel stell. Wehrf\u00fchrer<\/td>\n<\/tr>\n<tr>\n<td class=\"xl64\">2003<\/td>\n<td><\/td>\n<\/tr>\n<tr>\n<td class=\"xl64\">2005<\/td>\n<td>Ersatzbeschaffung \/ Anschaffung TLF16\/25<\/td>\n<\/tr>\n<tr>\n<td class=\"xl64\">2006<\/td>\n<td>M. Maul Wehrf\u00fchrer und H.-U. Friedmann stell. Wehrf\u00fchrer<\/td>\n<\/tr>\n<tr>\n<td class=\"xl64\">2007<\/td>\n<td><\/td>\n<\/tr>\n<tr>\n<td class=\"xl64\">2008<\/td>\n<td><\/td>\n<\/tr>\n<tr>\n<td class=\"xl64\">2009<\/td>\n<td>Ersatzbeschaffung \/ Anschaffung LF10\/6<\/td>\n<\/tr>\n<tr>\n<td class=\"xl64\"><\/td>\n<td>Ger\u00e4tehaus von au\u00dfen Saniert<\/td>\n<\/tr>\n<tr>\n<td class=\"xl64\">2010<\/td>\n<td>F. J\u00e4kel komm. Wehrf\u00fchrer und H.-U. Friedmann stell. Wehrf\u00fchrer<\/td>\n<\/tr>\n<tr>\n<td class=\"xl64\">2011<\/td>\n<td><\/td>\n<\/tr>\n<tr>\n<td class=\"xl64\">2012<\/td>\n<td>F. J\u00e4kel komm. Wehrf\u00fchrer und Th. Maul stell. Wehrf\u00fchrer<\/td>\n<\/tr>\n<tr>\n<td class=\"xl64\"><\/td>\n<td>Kreisfeuerwehrtag 2012 in B\u00fcttelborn (<a href=\"?page_id=160\">L\u00f6scheimer<\/a>)<\/td>\n<\/tr>\n<tr>\n<td class=\"xl64\">2013<\/td>\n<td>Anschaffung des MTF \/ das ELW wurde aus Platzgr\u00fcnden im GH Worfelden untergebracht<\/td>\n<\/tr>\n<tr>\n<td class=\"xl64\"><\/td>\n<td>R\u00fccktritt des komm. Wehrf\u00fchrer F. J\u00e4kel<\/td>\n<\/tr>\n<tr>\n<td class=\"xl64\"><\/td>\n<td>Umstellung des analogen 2m Funk auf Digitalfunk<\/td>\n<\/tr>\n<tr>\n<td class=\"xl64\"><\/td>\n<td>RW au\u00dfer Dienst gestellt<\/td>\n<\/tr>\n<tr>\n<td class=\"xl64\"><\/td>\n<td>Seit Nov. 2013 f\u00e4hrt die Feuerwehr wieder (zusammen mit der FF GG) auf die A67<\/td>\n<\/tr>\n<tr>\n<td class=\"xl64\">2014<\/td>\n<td>Werner Barthel neuer Wehrf\u00fchrer und Alexander Sch\u00fc\u00dfler neuer Stellvertreter<\/td>\n<\/tr>\n<tr>\n<td class=\"xl64\">2015<\/td>\n<td>Werner Barthel wurde zum stell. Gemeindebrandinspektor gew\u00e4hlt<\/td>\n<\/tr>\n<tr>\n<td class=\"xl64\"><\/td>\n<td>Umstellung des analogen 4m Fahrzeug-Funk auf Digitalfunk<\/td>\n<\/tr>\n<tr>\n<td class=\"xl64\"><\/td>\n<td>Florian J\u00e4kel \u00fcbernimmt das Amt des Wehrf\u00fchrer<\/td>\n<\/tr>\n<tr>\n<td class=\"xl64\">2016<\/td>\n<td>Aufgrund der erheblichen M\u00e4ngel (durch den T\u00dcV festgestellt) am Ger\u00e4tehaus B\u00fcttelborn, ist der Gedanke eines neuen Ger\u00e4tehaus bei der Gemeindeverwaltung angekommen<\/td>\n<\/tr>\n<tr>\n<td class=\"xl64\"><\/td>\n<td>Anschaffung eines neuen ELW ist f\u00fcr 2017 in den Haushalt eingeplant<\/td>\n<\/tr>\n<tr>\n<td class=\"xl64\">2017<\/td>\n<td>Erich K\u00f6th legt das Amt des Gemeindebrandinspektors, aus gesundheitlichen Gr\u00fcnden, nieder. Sein Stellvertreter, Werner Barthel, r\u00fcckt auf dieses Amt vor und Marcus Grimberger wird neuer Stellvertreter.<\/td>\n<\/tr>\n<tr>\n<td class=\"xl64\"><\/td>\n<td>Ab dem April l\u00f6sen die neuen digitalen Funkmeldeempf\u00e4nger die analogen Ger\u00e4te ab.<\/td>\n<\/tr>\n<tr>\n<td class=\"xl64\"><\/td>\n<td>Die Pl\u00e4ne f\u00fcr ein neues Ger\u00e4tehaus in B\u00fcttelborn werden langsam konkreter. Ein Grundst\u00fcck wurde bereits gefunden.<\/td>\n<\/tr>\n<tr>\n<td class=\"xl64\"><\/td>\n<td>Die Anschaffung des geplanten ELW konnte nicht ausgef\u00fchrt werden und wurde auf das Folgejahr verschoben.<\/td>\n<\/tr>\n<tr>\n<td class=\"xl64\">2018<\/td>\n<td>Der F\u00f6rderverein stellt f\u00fcr die Einsatzabteilung die finanziellen Mittel f\u00fcr die Anschaffung eines neuen hydraulischen Rettungssatz bereit<\/td>\n<\/tr>\n<tr>\n<td class=\"xl64\">2019<\/td>\n<td>Gr\u00fcndung der Kinderfeuerwehr &#8222;Feuerfunken&#8220;<\/td>\n<\/tr>\n<tr>\n<td class=\"xl64\"><\/td>\n<td>\u00dcbergabe des neuen Elw an die Feuerwehren B\u00fcttelborn<\/td>\n<\/tr>\n<tr>\n<td class=\"xl64\">2020<\/td>\n<td>R\u00fccktritt GBI Werner Barthel<\/td>\n<\/tr>\n<tr>\n<td><\/td>\n<td>Lockdown durch Corona im Feuerwehrdienst<\/td>\n<\/tr>\n<tr>\n<td><\/td>\n<td>R\u00fccktritt von Alexander K\u00f6th als 2. Wehrf\u00fchrer<\/td>\n<\/tr>\n<tr>\n<td><\/td>\n<td>R\u00fccktritt von Florian J\u00e4kel als Wehrf\u00fchrer<\/td>\n<\/tr>\n<tr>\n<td><\/td>\n<td>Ernennung von Alexander Sch\u00fc\u00dfler als Wehrf\u00fchrer, Tobias Graf und Tobias Kraus als stell. Wehrf\u00fchrer durch den B\u00fcrgermeister<\/td>\n<\/tr>\n<tr>\n<td class=\"xl64\">2021<\/td>\n<td>Das Thema Corona war auch in diesem Jahr aktuell<\/td>\n<\/tr>\n<tr>\n<td><\/td>\n<td>In der Dienstversammlung wurden Alexander Sch\u00fc\u00dfler zum Wehrf\u00fchrer, Tobias Graf und Tobias Krau\u00df als stell. Wehrf\u00fchrer durch die Mannschaft gew\u00e4hlt.<\/td>\n<\/tr>\n<tr>\n<td><\/td>\n<td>Nach dem R\u00fccktritt von Sven Riekstins wurde Julia Graf zur Vereinsvorsitzenden und Luke Bluett zum Stellvertreter in der Jahreshauptversammlung gew\u00e4hlt<\/td>\n<\/tr>\n<tr>\n<td><\/td>\n<td>Der Ger\u00e4tehausneubau ist ein weiteres traurige Thema in diesem Jahr. Gro\u00dfe Fortschritte sind keine zu Erkennen. Im Gegenteil, der Verein und die Einsatzabteilung musste immer wieder (auch in der \u00d6ffentlichkeit) auf den desolaten Zustand des Ger\u00e4tehaus hinweisen, damit es zumindest in kleinen Schritten weiterging.<\/td>\n<\/tr>\n<tr>\n<td class=\"xl64\">2022<\/td>\n<td>Das Thema neues Ger\u00e4tehaus zog sich wieder durch das ganze Jahr<\/td>\n<\/tr>\n<tr>\n<td class=\"xl64\">2023<\/td>\n<td>Anschaffung einer neuen TS Fox-4<\/td>\n<\/tr>\n<tr>\n<td class=\"xl64\"><\/td>\n<td>Durch das Ausscheiden von Alexander Sch\u00fcssler als Wehrf\u00fchrer, wurden Tobias Graf als Wehrf\u00fchrer und Tobias Krau\u00df zum alleinigen Stellvertreter gew\u00e4hlt.<\/td>\n<\/tr>\n<\/tbody>\n<\/table>\n","protected":false},"excerpt":{"rendered":"<p>Die Geschichte der Feuerwehr B\u00fcttelborn In der Festschrift zum 50j\u00e4hrigen Bestehen der Freiwilligen Feuerwehr B\u00fcttelborn hatte Gerhard Rai\u00df eine umfangreiche Abhandlung \u00fcber das Feuerl\u00f6schwesen der Gemeinde B\u00fcttelborn ver\u00f6ffentlicht. Bei seinen Recherchen f\u00e4llt auf, da\u00df bei der Gemeinderechnung Unkosten \u00fcber die &hellip; <a href=\"http:\/\/ff-buettelborn.de\/wp\/?page_id=214\">Continue reading <span class=\"meta-nav\">&rarr;<\/span><\/a><\/p>\n","protected":false},"author":5,"featured_media":0,"parent":199,"menu_order":0,"comment_status":"closed","ping_status":"closed","template":"page-cronik.php","meta":{"footnotes":""},"class_list":["post-214","page","type-page","status-publish","hentry"],"_links":{"self":[{"href":"http:\/\/ff-buettelborn.de\/wp\/index.php?rest_route=\/wp\/v2\/pages\/214","targetHints":{"allow":["GET"]}}],"collection":[{"href":"http:\/\/ff-buettelborn.de\/wp\/index.php?rest_route=\/wp\/v2\/pages"}],"about":[{"href":"http:\/\/ff-buettelborn.de\/wp\/index.php?rest_route=\/wp\/v2\/types\/page"}],"author":[{"embeddable":true,"href":"http:\/\/ff-buettelborn.de\/wp\/index.php?rest_route=\/wp\/v2\/users\/5"}],"replies":[{"embeddable":true,"href":"http:\/\/ff-buettelborn.de\/wp\/index.php?rest_route=%2Fwp%2Fv2%2Fcomments&post=214"}],"version-history":[{"count":5,"href":"http:\/\/ff-buettelborn.de\/wp\/index.php?rest_route=\/wp\/v2\/pages\/214\/revisions"}],"predecessor-version":[{"id":2480,"href":"http:\/\/ff-buettelborn.de\/wp\/index.php?rest_route=\/wp\/v2\/pages\/214\/revisions\/2480"}],"up":[{"embeddable":true,"href":"http:\/\/ff-buettelborn.de\/wp\/index.php?rest_route=\/wp\/v2\/pages\/199"}],"wp:attachment":[{"href":"http:\/\/ff-buettelborn.de\/wp\/index.php?rest_route=%2Fwp%2Fv2%2Fmedia&parent=214"}],"curies":[{"name":"wp","href":"https:\/\/api.w.org\/{rel}","templated":true}]}}