{"id":2121,"date":"2021-08-22T12:46:16","date_gmt":"2021-08-22T10:46:16","guid":{"rendered":"http:\/\/ff-buettelborn.de\/wp\/?page_id=2121"},"modified":"2022-06-24T21:08:55","modified_gmt":"2022-06-24T19:08:55","slug":"geraetehaus","status":"publish","type":"page","link":"http:\/\/ff-buettelborn.de\/wp\/?page_id=2121","title":{"rendered":"Ger\u00e4tehaus"},"content":{"rendered":"<h1>Hier einige Infos zum Thema Ger\u00e4tehaus<\/h1>\n<p>Sicherlich ist Ihnen nicht entgangen, dass in B\u00fcttelborn ein neues Ger\u00e4tehaus entstehen soll. Da der Pr\u00fcfdienst bereits mit der Schlie\u00dfung des Ger\u00e4tehauses gedroht hat, musste sich bereits Andreas Rotzinger(!) mit diese Thema besch\u00e4ftigen. Ein Kamerad der Feuerwehr B\u00fcttelborn nahm sich dem Thema an und erarbeitete ein &#8222;Pflichtenheft&#8220; f\u00fcr den Neubau. Wie gesagt, es handelte sich nicht um eine <strong>Wunschliste<\/strong>, sondern nur um <span style=\"color: #ff0000;\">die gesetzlichen Vorgaben<\/span>, \u00fcber die R\u00e4umlichkeiten, Hof und Parkpl\u00e4tze. Noch zu A. Rotzingers Amtszeit, wurde ein Grundst\u00fcck in Richtung Klein-Gerau gekauft.<\/p>\n<p>Im Grunde ist dies noch immer der Stand bis heute (08.2021)! Deshalb habe wir uns entschlossen, sie hier \u00fcber die aktuelle Situation im Ger\u00e4tehaus B\u00fcttelborn informieren:<\/p>\n<p>&nbsp;<\/p>\n","protected":false},"excerpt":{"rendered":"<p>Hier einige Infos zum Thema Ger\u00e4tehaus Sicherlich ist Ihnen nicht entgangen, dass in B\u00fcttelborn ein neues Ger\u00e4tehaus entstehen soll. Da der Pr\u00fcfdienst bereits mit der Schlie\u00dfung des Ger\u00e4tehauses gedroht hat, musste sich bereits Andreas Rotzinger(!) mit diese Thema besch\u00e4ftigen. Ein &hellip; <a href=\"http:\/\/ff-buettelborn.de\/wp\/?page_id=2121\">Continue reading <span class=\"meta-nav\">&rarr;<\/span><\/a><\/p>\n","protected":false},"author":5,"featured_media":0,"parent":0,"menu_order":20,"comment_status":"closed","ping_status":"closed","template":"page-zustand_vortschritt-GH.php","meta":{"footnotes":""},"class_list":["post-2121","page","type-page","status-publish","hentry"],"_links":{"self":[{"href":"http:\/\/ff-buettelborn.de\/wp\/index.php?rest_route=\/wp\/v2\/pages\/2121","targetHints":{"allow":["GET"]}}],"collection":[{"href":"http:\/\/ff-buettelborn.de\/wp\/index.php?rest_route=\/wp\/v2\/pages"}],"about":[{"href":"http:\/\/ff-buettelborn.de\/wp\/index.php?rest_route=\/wp\/v2\/types\/page"}],"author":[{"embeddable":true,"href":"http:\/\/ff-buettelborn.de\/wp\/index.php?rest_route=\/wp\/v2\/users\/5"}],"replies":[{"embeddable":true,"href":"http:\/\/ff-buettelborn.de\/wp\/index.php?rest_route=%2Fwp%2Fv2%2Fcomments&post=2121"}],"version-history":[{"count":4,"href":"http:\/\/ff-buettelborn.de\/wp\/index.php?rest_route=\/wp\/v2\/pages\/2121\/revisions"}],"predecessor-version":[{"id":2162,"href":"http:\/\/ff-buettelborn.de\/wp\/index.php?rest_route=\/wp\/v2\/pages\/2121\/revisions\/2162"}],"wp:attachment":[{"href":"http:\/\/ff-buettelborn.de\/wp\/index.php?rest_route=%2Fwp%2Fv2%2Fmedia&parent=2121"}],"curies":[{"name":"wp","href":"https:\/\/api.w.org\/{rel}","templated":true}]}}