{"id":21,"date":"2013-06-25T19:58:33","date_gmt":"2013-06-25T17:58:33","guid":{"rendered":"http:\/\/ff-buettelborn.de\/wp\/?page_id=21"},"modified":"2016-08-10T17:02:25","modified_gmt":"2016-08-10T15:02:25","slug":"einsatzabteilung","status":"publish","type":"page","link":"http:\/\/ff-buettelborn.de\/wp\/?page_id=21","title":{"rendered":"Die Einsatzabteilung"},"content":{"rendered":"<p>Die Einsatzabteilung ist das eigentliche Herzst\u00fcck einer jeder Feuerwehr. Sie ist eine Abteilunge der Gemeinde, zwar unbezahlt aber dennoch ein Gemeindeorgan<br \/>\nmit fest geregelten Aufgaben (<a href=\"http:\/\/www.rv.hessenrecht.hessen.de\/lexsoft\/default\/hessenrecht_rv.html?doc.hl=1&amp;doc.id=jlr%20Brand_KatSchGHE2010rahmen%3Ajuris-lr00&amp;documentnumber=1&amp;numberofresults=94&amp;showdoccase=1&amp;doc.part=R&amp;paramfromHL=true#docid:169491,1,20140301\" target=\"_blank\">siehe HBKG<\/a>). Jede Einsatzkraft ist, in der Regel, Mitglied des Vereins der Freiwilligen Feuerwehr B\u00fcttelborn. Der Verein festigt den Zusammenhalt der eigentlichen Einsatzkr\u00e4fte, so kann gew\u00e4hrleistet werden das ein reibungsloser Ablauf bei den Eins\u00e4tzen vorherrscht. Die Feuerwehrfrauen und -m\u00e4nner stehen 365 Tage im Jahr 7Tage die Woche und 24 Stunden am Tag bereit wenn es hei\u00dft Gefahren abzuwenden. Es gibt aber nicht nur den Einsatz und \u00dcbung bei der Feuerwehr. Rein Vereinsspezifische Veranstaltungen werden &#8222;Kameradschaftspflege&#8220; genannt, allerdings nicht wie das vom nicht unterzukriegende Vorurteil: <strong><em>&#8222;Die Feierwehrleit\u00b4 lesche eh\u00b4 doch nur ihr\u00b4n eischene Broand un\u00b4 zwa\u00b4 mirrem scheene kiehle Biersche !!!&#8220; <\/em><\/strong>\u00a0 behauptet wird, sondern eher sehr gesittet. So geht Bier, laut der Getr\u00e4nkewartin, gegen zehn Prozent und weniger des Gesamtverbrauchs (im Vergleich ca.85% Cola\/ Fanta etc. und ca.4% Wasser). Wenn mal etwas mehr &#8222;getrunken&#8220; wird dann lediglich au\u00dferhalb des \u00dcbungsunterrichtes wie z.B. an der Weihnachtsfeier. Wenn \u00fcberhaupt dann in einer unserer ortsans\u00e4ssigen Gastst\u00e4tten, aber selbst dann sind wir nicht viel anders als jeder Sportverein, der sich im Anschlu\u00df an das Training irgendwo trifft. Kameradschaftspflege ist eher mal ein Grillabend nach dem \u00dcbungsunterricht, oder andere Veranstaltungen des Vereins. Der Verein finanziert sich haupts\u00e4chlich durch die Einnahmen von passiven Mitgliedern aber auch haupts\u00e4chlich durch das <a href=\"?page_id=24\">Open Air bei\u00b4 de Feierwehr<\/a><\/p>\n<p><center><span style=\"text-decoration: underline;\">2014<\/span><\/center><\/p>\n<div id=\"attachment_825\" style=\"width: 914px\" class=\"wp-caption aligncenter\"><a href=\"http:\/\/ff-buettelborn.de\/wp\/wp-content\/uploads\/2014\/07\/FF-Komplett.jpg\"><img loading=\"lazy\" decoding=\"async\" aria-describedby=\"caption-attachment-825\" class=\"size-full wp-image-825\" src=\"http:\/\/ff-buettelborn.de\/wp\/wp-content\/uploads\/2014\/07\/FF-Komplett.jpg\" alt=\"Bild der A&amp;E Abteilung, Einsatzabteilung und Jugendfeuerwehr aus dem Jahre 2014\" width=\"904\" height=\"600\" srcset=\"http:\/\/ff-buettelborn.de\/wp\/wp-content\/uploads\/2014\/07\/FF-Komplett.jpg 904w, http:\/\/ff-buettelborn.de\/wp\/wp-content\/uploads\/2014\/07\/FF-Komplett-300x199.jpg 300w\" sizes=\"auto, (max-width: 904px) 100vw, 904px\" \/><\/a><p id=\"caption-attachment-825\" class=\"wp-caption-text\">Bild der A&amp;E Abteilung, Einsatzabteilung und Jugendfeuerwehr aus dem Jahre 2014<\/p><\/div>\n<p>Die Einsatzkr\u00e4fte bestreiten jedes Jahr zwischen 30-40 Eins\u00e4tze. Rund ein Drittel davon sind lediglich Brandeins\u00e4tze, die anderen sind meist Technische Hilfeleistungen und Umwelteins\u00e4tze. Die Einsatzkr\u00e4fte leisten dabei j\u00e4hrlich rund 350 Stunden ab, manchmal auch mehr. Ohne das sie diese von jemandem finanziell honoriert werden. Auch die Brandsicherheitsdienste werden von den B\u00fcttelborner Feuerwehrleuten bew\u00e4ltigt.Dabei vergessen wir jetzt mal die Zeit die wir so noch ehrenamtlich ableisten, wie\u00a0 z.B. Begleitung des Nikolausumzuges oder \u00e4hnlichem.<\/p>\n","protected":false},"excerpt":{"rendered":"<p>Die Einsatzabteilung ist das eigentliche Herzst\u00fcck einer jeder Feuerwehr. Sie ist eine Abteilunge der Gemeinde, zwar unbezahlt aber dennoch ein Gemeindeorgan mit fest geregelten Aufgaben (siehe HBKG). Jede Einsatzkraft ist, in der Regel, Mitglied des Vereins der Freiwilligen Feuerwehr B\u00fcttelborn. &hellip; <a href=\"http:\/\/ff-buettelborn.de\/wp\/?page_id=21\">Continue reading <span class=\"meta-nav\">&rarr;<\/span><\/a><\/p>\n","protected":false},"author":5,"featured_media":0,"parent":188,"menu_order":0,"comment_status":"closed","ping_status":"closed","template":"","meta":{"footnotes":""},"class_list":["post-21","page","type-page","status-publish","hentry"],"_links":{"self":[{"href":"http:\/\/ff-buettelborn.de\/wp\/index.php?rest_route=\/wp\/v2\/pages\/21","targetHints":{"allow":["GET"]}}],"collection":[{"href":"http:\/\/ff-buettelborn.de\/wp\/index.php?rest_route=\/wp\/v2\/pages"}],"about":[{"href":"http:\/\/ff-buettelborn.de\/wp\/index.php?rest_route=\/wp\/v2\/types\/page"}],"author":[{"embeddable":true,"href":"http:\/\/ff-buettelborn.de\/wp\/index.php?rest_route=\/wp\/v2\/users\/5"}],"replies":[{"embeddable":true,"href":"http:\/\/ff-buettelborn.de\/wp\/index.php?rest_route=%2Fwp%2Fv2%2Fcomments&post=21"}],"version-history":[{"count":1,"href":"http:\/\/ff-buettelborn.de\/wp\/index.php?rest_route=\/wp\/v2\/pages\/21\/revisions"}],"predecessor-version":[{"id":1166,"href":"http:\/\/ff-buettelborn.de\/wp\/index.php?rest_route=\/wp\/v2\/pages\/21\/revisions\/1166"}],"up":[{"embeddable":true,"href":"http:\/\/ff-buettelborn.de\/wp\/index.php?rest_route=\/wp\/v2\/pages\/188"}],"wp:attachment":[{"href":"http:\/\/ff-buettelborn.de\/wp\/index.php?rest_route=%2Fwp%2Fv2%2Fmedia&parent=21"}],"curies":[{"name":"wp","href":"https:\/\/api.w.org\/{rel}","templated":true}]}}