{"id":199,"date":"2013-06-29T14:23:47","date_gmt":"2013-06-29T12:23:47","guid":{"rendered":"http:\/\/ff-buettelborn.de\/wp\/?page_id=199"},"modified":"2021-02-06T15:42:27","modified_gmt":"2021-02-06T14:42:27","slug":"verein-2","status":"publish","type":"page","link":"http:\/\/ff-buettelborn.de\/wp\/?page_id=199","title":{"rendered":"Verein"},"content":{"rendered":"<h1>Der F\u00f6rderverein der Freiwilligen Feuerwehr 1930 e.V.<\/h1>\n<p>Seit 2012 hat der Feuerwehrverein diesen Namen. Zuvor war es f\u00fcr viele schwer die Trennung zwischen Einsatzabteilung und Verein zu Verstehen. Im F\u00f6rderverein sind alle aktiven und passiven Mitglieder. Aufgabe des Vereins ist es zum einen die Einsatzabteilung und die Jugendfeuerwehr mit finanziellen Mitteln zu unterst\u00fctzen zum anderen richtet der F\u00f6rderverein z.B. das OpenAir oder auch Ausfl\u00fcge aus. Somit sorgt er auch f\u00fcr den Zusammenhalt der Einsatzkr\u00e4fte.<br \/>\nGetragen wird der F\u00f6rderverein durch die Mitgliederbeitr\u00e4ge der aktiven und passiven Mitglieder.<\/p>\n<p>Grundlage f\u00fcr den Verein ist seine <a href=\"http:\/\/ff-buettelborn.de\/wp\/wp-content\/themes\/FFW\/downloads\/Satzung - 2020.pdf\" target=\"_blank\" rel=\"noopener noreferrer\">Vereinssatzung<\/a>\u00a0die im Jahre 2020 \u00fcberarbeitet wurde. Wenn Sie dem Verein oder der Einsatzabteilung beitreten m\u00f6chten, finden Sie hier das<br \/>\n<a href=\"http:\/\/ff-buettelborn.de\/wp\/wp-content\/themes\/FFW\/downloads\/Beitrittserklaerung Verein A5 neu.pdf\" target=\"_blank\" rel=\"noopener noreferrer\">Beitrittsformular<\/a>.<\/p>\n","protected":false},"excerpt":{"rendered":"<p>Der F\u00f6rderverein der Freiwilligen Feuerwehr 1930 e.V. Seit 2012 hat der Feuerwehrverein diesen Namen. Zuvor war es f\u00fcr viele schwer die Trennung zwischen Einsatzabteilung und Verein zu Verstehen. Im F\u00f6rderverein sind alle aktiven und passiven Mitglieder. Aufgabe des Vereins ist &hellip; <a href=\"http:\/\/ff-buettelborn.de\/wp\/?page_id=199\">Continue reading <span class=\"meta-nav\">&rarr;<\/span><\/a><\/p>\n","protected":false},"author":5,"featured_media":0,"parent":0,"menu_order":40,"comment_status":"closed","ping_status":"closed","template":"page-verein-uebersicht.php","meta":{"footnotes":""},"class_list":["post-199","page","type-page","status-publish","hentry"],"_links":{"self":[{"href":"http:\/\/ff-buettelborn.de\/wp\/index.php?rest_route=\/wp\/v2\/pages\/199","targetHints":{"allow":["GET"]}}],"collection":[{"href":"http:\/\/ff-buettelborn.de\/wp\/index.php?rest_route=\/wp\/v2\/pages"}],"about":[{"href":"http:\/\/ff-buettelborn.de\/wp\/index.php?rest_route=\/wp\/v2\/types\/page"}],"author":[{"embeddable":true,"href":"http:\/\/ff-buettelborn.de\/wp\/index.php?rest_route=\/wp\/v2\/users\/5"}],"replies":[{"embeddable":true,"href":"http:\/\/ff-buettelborn.de\/wp\/index.php?rest_route=%2Fwp%2Fv2%2Fcomments&post=199"}],"version-history":[{"count":5,"href":"http:\/\/ff-buettelborn.de\/wp\/index.php?rest_route=\/wp\/v2\/pages\/199\/revisions"}],"predecessor-version":[{"id":2060,"href":"http:\/\/ff-buettelborn.de\/wp\/index.php?rest_route=\/wp\/v2\/pages\/199\/revisions\/2060"}],"wp:attachment":[{"href":"http:\/\/ff-buettelborn.de\/wp\/index.php?rest_route=%2Fwp%2Fv2%2Fmedia&parent=199"}],"curies":[{"name":"wp","href":"https:\/\/api.w.org\/{rel}","templated":true}]}}