{"id":1927,"date":"2019-07-22T15:17:20","date_gmt":"2019-07-22T13:17:20","guid":{"rendered":"http:\/\/ff-buettelborn.de\/wp\/?page_id=1927"},"modified":"2019-07-22T15:19:17","modified_gmt":"2019-07-22T13:19:17","slug":"elw","status":"publish","type":"page","link":"http:\/\/ff-buettelborn.de\/wp\/?page_id=1927","title":{"rendered":"ELW"},"content":{"rendered":"<p><a href=\"http:\/\/ff-buettelborn.de\/wp\/wp-content\/themes\/FFW\/images\/Fzg\/ELW2019.jpg\"><img loading=\"lazy\" decoding=\"async\" class=\"aligncenter size-full wp-image-5\" src=\"http:\/\/ff-buettelborn.de\/wp\/wp-content\/themes\/FFW\/images\/Fzg\/ELW2019.jpg\" alt=\"ELW\" width=\"499\" height=\"130\" \/><\/a><\/p>\n<p>Fahrgestell: Mercedes Benz<\/p>\n<p>Baujahr: 2019<br \/>\nAufbauhersteller: Sch\u00e4fer<br \/>\nHubraum:<br \/>\nLeistung: 120kW<\/p>\n<p>Ein Einsatzleitwagen ist ein Feuerwehrfahrzeug, mit dem Einsatzleiter taktische Einheiten f\u00fchren. <span style=\"display: inline !important; float: none; background-color: #ffffff; color: #333333; font-family: Georgia,'Bitstream Charter',serif; font-size: 16px; font-style: normal; font-variant: normal; font-weight: 400; letter-spacing: normal; orphans: 2; text-align: left; text-decoration: none; text-indent: 0px; text-transform: none; -webkit-text-stroke-width: 0px; white-space: normal; word-spacing: 0px;\">Das Fahrgestell ist ein Mercedes Sprinter mit 120 kW Leistung bei 3,8 Tonnen. Ausgebaut wurde das Fahrzeug von der Firma Sch\u00e4fer bei Karlsruhe. Das ELW ist auf dem aktuellen Stand der Technik, die in der Feuerwehr z. Z. eingesetzt wird. Hier ein paar Eckdaten. Zwei Funkpl\u00e4tze mit 4 digitalen Funkger\u00e4te (MRT) mit je einem fest verbauten PC. Dieser ist Internetf\u00e4hig \u00fcber Wlan oder Mobilfunk-Netz. Zus\u00e4tzlich ist noch ein PC Arbeitsplatz mit Laptop vorhanden. In der Funkkonsole ist eine Telefonanlage verbaut, die \u00fcber Mobilfunk von Telekom und Vodafon (Remanenz bei Netzausfall) zu erreichen ist. Zu der Telefonanlage geh\u00f6ren noch drei Mobilteile. Weiterhin steht ein Mulifunktionsdrucker als Faxger\u00e4t zur Verf\u00fcgung.<\/span><br \/>\n<span style=\"display: inline !important; float: none; background-color: #ffffff; color: #333333; font-family: Georgia,'Bitstream Charter',serif; font-size: 16px; font-style: normal; font-variant: normal; font-weight: 400; letter-spacing: normal; orphans: 2; text-align: left; text-decoration: none; text-indent: 0px; text-transform: none; -webkit-text-stroke-width: 0px; white-space: normal; word-spacing: 0px;\"> Bei einem l\u00e4ngeren Einsatze kann das Fahrzeug von au\u00dfen mit 230V Spannung eingespeist werden. Mit der Einspeisung besteht die M\u00f6glichkeit das Fahrzeug zu klimatisieren.<\/span><br \/>\n<span style=\"display: inline !important; float: none; background-color: #ffffff; color: #333333; font-family: Georgia,'Bitstream Charter',serif; font-size: 16px; font-style: normal; font-variant: normal; font-weight: 400; letter-spacing: normal; orphans: 2; text-align: left; text-decoration: none; text-indent: 0px; text-transform: none; -webkit-text-stroke-width: 0px; white-space: normal; word-spacing: 0px;\"> F\u00fcr den Au\u00dfeneinsatz stehen 5 Handfunkger\u00e4te (HRT) sowie ein Ex-Gesch\u00fctztes Ger\u00e4t bereit.<\/span><br \/>\n<span style=\"display: inline !important; float: none; background-color: #ffffff; color: #333333; font-family: Georgia,'Bitstream Charter',serif; font-size: 16px; font-style: normal; font-variant: normal; font-weight: 400; letter-spacing: normal; orphans: 2; text-align: left; text-decoration: none; text-indent: 0px; text-transform: none; -webkit-text-stroke-width: 0px; white-space: normal; word-spacing: 0px;\"> Mit diesem Fahrzeug ist es f\u00fcr die Feuerwehren B\u00fcttelborn einfacher auch gr\u00f6\u00dfere Eins\u00e4tze abzuarbeiten. Vor allem wird der Einsatzleiter stark entlastet und kann sich um seine eigentlichen Aufgaben k\u00fcmmern.<\/span><\/p>\n","protected":false},"excerpt":{"rendered":"<p>Fahrgestell: Mercedes Benz Baujahr: 2019 Aufbauhersteller: Sch\u00e4fer Hubraum: Leistung: 120kW Ein Einsatzleitwagen ist ein Feuerwehrfahrzeug, mit dem Einsatzleiter taktische Einheiten f\u00fchren. Das Fahrgestell ist ein Mercedes Sprinter mit 120 kW Leistung bei 3,8 Tonnen. Ausgebaut wurde das Fahrzeug von der &hellip; <a href=\"http:\/\/ff-buettelborn.de\/wp\/?page_id=1927\">Continue reading <span class=\"meta-nav\">&rarr;<\/span><\/a><\/p>\n","protected":false},"author":5,"featured_media":0,"parent":26,"menu_order":0,"comment_status":"closed","ping_status":"closed","template":"","meta":{"footnotes":""},"class_list":["post-1927","page","type-page","status-publish","hentry"],"_links":{"self":[{"href":"http:\/\/ff-buettelborn.de\/wp\/index.php?rest_route=\/wp\/v2\/pages\/1927","targetHints":{"allow":["GET"]}}],"collection":[{"href":"http:\/\/ff-buettelborn.de\/wp\/index.php?rest_route=\/wp\/v2\/pages"}],"about":[{"href":"http:\/\/ff-buettelborn.de\/wp\/index.php?rest_route=\/wp\/v2\/types\/page"}],"author":[{"embeddable":true,"href":"http:\/\/ff-buettelborn.de\/wp\/index.php?rest_route=\/wp\/v2\/users\/5"}],"replies":[{"embeddable":true,"href":"http:\/\/ff-buettelborn.de\/wp\/index.php?rest_route=%2Fwp%2Fv2%2Fcomments&post=1927"}],"version-history":[{"count":1,"href":"http:\/\/ff-buettelborn.de\/wp\/index.php?rest_route=\/wp\/v2\/pages\/1927\/revisions"}],"predecessor-version":[{"id":1928,"href":"http:\/\/ff-buettelborn.de\/wp\/index.php?rest_route=\/wp\/v2\/pages\/1927\/revisions\/1928"}],"up":[{"embeddable":true,"href":"http:\/\/ff-buettelborn.de\/wp\/index.php?rest_route=\/wp\/v2\/pages\/26"}],"wp:attachment":[{"href":"http:\/\/ff-buettelborn.de\/wp\/index.php?rest_route=%2Fwp%2Fv2%2Fmedia&parent=1927"}],"curies":[{"name":"wp","href":"https:\/\/api.w.org\/{rel}","templated":true}]}}