{"id":188,"date":"2013-06-29T06:14:44","date_gmt":"2013-06-29T04:14:44","guid":{"rendered":"http:\/\/ff-buettelborn.de\/wp\/?page_id=188"},"modified":"2016-08-10T17:55:15","modified_gmt":"2016-08-10T15:55:15","slug":"einsatzabteilung-2","status":"publish","type":"page","link":"http:\/\/ff-buettelborn.de\/wp\/?page_id=188","title":{"rendered":"Einsatzabteilung"},"content":{"rendered":"<h1>Die Einsatzabteilung der Freiwilligen Feuerwehr B\u00fcttelborn<\/h1>\n<p>Die Einsatzabteilung ist die eigentliche Feuerwehr. Sie ist nicht mit dem Verein zu Verwechseln, sondern ist eine Abteilung der Gemeindeverwaltung!<br \/>\nDie Mitglieder sind Menschen &#8222;wie Du und ich&#8220;, vom Sch\u00fcler bis zum Lehrer, Lehrling bis Ingenieur und Schreiner bis Verwaltungsangestelter. All diese Personen bilden die Einsatzabteilung und decken durch ihre pers\u00f6nliches K\u00f6nnen die Fassetten der Eins\u00e4tze ab.<br \/>\nHinzu kommen ganz klar noch die Schulungen und Lehrg\u00e4nge am Standort, auf Kreisebene oder auf der Hessischenlandesfeuerwehrschule in Kassel.<\/p>\n","protected":false},"excerpt":{"rendered":"<p>Die Einsatzabteilung der Freiwilligen Feuerwehr B\u00fcttelborn Die Einsatzabteilung ist die eigentliche Feuerwehr. Sie ist nicht mit dem Verein zu Verwechseln, sondern ist eine Abteilung der Gemeindeverwaltung! Die Mitglieder sind Menschen &#8222;wie Du und ich&#8220;, vom Sch\u00fcler bis zum Lehrer, Lehrling &hellip; <a href=\"http:\/\/ff-buettelborn.de\/wp\/?page_id=188\">Continue reading <span class=\"meta-nav\">&rarr;<\/span><\/a><\/p>\n","protected":false},"author":5,"featured_media":0,"parent":0,"menu_order":30,"comment_status":"closed","ping_status":"closed","template":"page-einsatzabteilung-uebersicht.php","meta":{"footnotes":""},"class_list":["post-188","page","type-page","status-publish","hentry"],"_links":{"self":[{"href":"http:\/\/ff-buettelborn.de\/wp\/index.php?rest_route=\/wp\/v2\/pages\/188","targetHints":{"allow":["GET"]}}],"collection":[{"href":"http:\/\/ff-buettelborn.de\/wp\/index.php?rest_route=\/wp\/v2\/pages"}],"about":[{"href":"http:\/\/ff-buettelborn.de\/wp\/index.php?rest_route=\/wp\/v2\/types\/page"}],"author":[{"embeddable":true,"href":"http:\/\/ff-buettelborn.de\/wp\/index.php?rest_route=\/wp\/v2\/users\/5"}],"replies":[{"embeddable":true,"href":"http:\/\/ff-buettelborn.de\/wp\/index.php?rest_route=%2Fwp%2Fv2%2Fcomments&post=188"}],"version-history":[{"count":1,"href":"http:\/\/ff-buettelborn.de\/wp\/index.php?rest_route=\/wp\/v2\/pages\/188\/revisions"}],"predecessor-version":[{"id":1262,"href":"http:\/\/ff-buettelborn.de\/wp\/index.php?rest_route=\/wp\/v2\/pages\/188\/revisions\/1262"}],"wp:attachment":[{"href":"http:\/\/ff-buettelborn.de\/wp\/index.php?rest_route=%2Fwp%2Fv2%2Fmedia&parent=188"}],"curies":[{"name":"wp","href":"https:\/\/api.w.org\/{rel}","templated":true}]}}