{"id":1811,"date":"2019-01-23T11:39:34","date_gmt":"2019-01-23T10:39:34","guid":{"rendered":"http:\/\/ff-buettelborn.de\/wp\/?page_id=1811"},"modified":"2022-12-29T11:38:29","modified_gmt":"2022-12-29T10:38:29","slug":"kinderfeuerwehr-feuerfunken","status":"publish","type":"page","link":"http:\/\/ff-buettelborn.de\/wp\/?page_id=1811","title":{"rendered":"Kinderfeuerwehr &#8222;Feuerfunken&#8220;"},"content":{"rendered":"<p><a href=\"http:\/\/ff-buettelborn.de\/wp\/wp-content\/uploads\/2019\/01\/LOGO-Kinderfeuerwehr.jpg\"><img loading=\"lazy\" decoding=\"async\" class=\" wp-image-1819 alignleft\" src=\"http:\/\/ff-buettelborn.de\/wp\/wp-content\/uploads\/2019\/01\/LOGO-Kinderfeuerwehr-150x150.jpg\" alt=\"\" width=\"205\" height=\"205\" \/><\/a>Nun ist es soweit. Die Feuerwehr B\u00fcttelborn hat nun auch eine Kinderfeuerwehr. Der Name der Kindergruppe lautet \u201eFeuerfunken\u201c. Mitmachen kann jede\/r der zwischen 6-10 Jahren alt ist. F\u00fcr \u00e4ltere Kinder und Jugendliche bis 17 Jahren haben wir die Jugendfeuerwehr.<\/p>\n<p>F\u00fcr die J\u00fcngsten bieten wir hier ein Programm, das sich rund um die Feuerwehr dreht, aber im Focus steht der Spa\u00df, das Spielen und das Miteinander. So stehen Themen wie \u201eWas ist eine Feuerwehr\u201c, Wie setze ich einen Notruf ab und wer ist am anderen Ende der Leitung. Das Thema Brandschutzerziehung flie\u00dft immer wieder mit ein. Der andere Teil der \u201eArbeiten\u201c sind Bastel- und Spielenachmittage oder Besichtigungen u.v.m.<\/p>\n<p>Die Kindergruppe trifft sich alle 14 Tage im Ger\u00e4tehaus der Feuerwehr B\u00fcttelborn. Wenn Fragen sind, steht unsere Kindergruppenleiterin unter <a href=\"mailto:kinderfeuerwehr@ff-buettelborn.de\">kinderfeuerwehr@ff-buettelborn.de<\/a> zur Verf\u00fcgung.<\/p>\n<p>Vielleicht ist Ihnen aufgefallen, dass diese Seite (Kindergruppe) unter dem Reiter \u201eEinsatzabteilung\u201c und nicht unter dem Reiter \u201eVerein\u201c zu finden ist. Die Kindergruppe, Jugendfeuerwehr, Alters\/Ehrenabteilung und die Einsatzabteilung sind keine Vereine wie z.B. Sportvereine. Die Einsatzabteilung ist eine (Ehrenamtliche-) Abteilung der Gemeinde B\u00fcttelborn und die Kindergruppe\/Jugendfeuerwehr sind Untergruppen der Einsatzabteilung. Deren Grundlage und Vorgaben sind in Gemeindesatzung und dem Brand- und Hilfeleistungsgesetzbuch verankert. Somit grenzen wir uns in der Positionierung und Struktur von \u201eechten\u201c Vereinen ab. Unser h\u00f6chster Chef auf Gemeindeebene ist der B\u00fcrgermeister! Aber keine Angst, der Ablauf und der Umgang miteinander ist wie in jedem Verein freundlich, menschlich und nett! Es wird niemand wegen seiner Herkunft, seinem Aussehen oder Sonstigem ausgegrenzt.<\/p>\n<p>&nbsp;<\/p>\n","protected":false},"excerpt":{"rendered":"<p>Nun ist es soweit. Die Feuerwehr B\u00fcttelborn hat nun auch eine Kinderfeuerwehr. Der Name der Kindergruppe lautet \u201eFeuerfunken\u201c. Mitmachen kann jede\/r der zwischen 6-10 Jahren alt ist. F\u00fcr \u00e4ltere Kinder und Jugendliche bis 17 Jahren haben wir die Jugendfeuerwehr. F\u00fcr &hellip; <a href=\"http:\/\/ff-buettelborn.de\/wp\/?page_id=1811\">Continue reading <span class=\"meta-nav\">&rarr;<\/span><\/a><\/p>\n","protected":false},"author":5,"featured_media":0,"parent":188,"menu_order":0,"comment_status":"closed","ping_status":"closed","template":"page-Kinderfeuerwehr.php","meta":{"footnotes":""},"class_list":["post-1811","page","type-page","status-publish","hentry"],"_links":{"self":[{"href":"http:\/\/ff-buettelborn.de\/wp\/index.php?rest_route=\/wp\/v2\/pages\/1811","targetHints":{"allow":["GET"]}}],"collection":[{"href":"http:\/\/ff-buettelborn.de\/wp\/index.php?rest_route=\/wp\/v2\/pages"}],"about":[{"href":"http:\/\/ff-buettelborn.de\/wp\/index.php?rest_route=\/wp\/v2\/types\/page"}],"author":[{"embeddable":true,"href":"http:\/\/ff-buettelborn.de\/wp\/index.php?rest_route=\/wp\/v2\/users\/5"}],"replies":[{"embeddable":true,"href":"http:\/\/ff-buettelborn.de\/wp\/index.php?rest_route=%2Fwp%2Fv2%2Fcomments&post=1811"}],"version-history":[{"count":5,"href":"http:\/\/ff-buettelborn.de\/wp\/index.php?rest_route=\/wp\/v2\/pages\/1811\/revisions"}],"predecessor-version":[{"id":2284,"href":"http:\/\/ff-buettelborn.de\/wp\/index.php?rest_route=\/wp\/v2\/pages\/1811\/revisions\/2284"}],"up":[{"embeddable":true,"href":"http:\/\/ff-buettelborn.de\/wp\/index.php?rest_route=\/wp\/v2\/pages\/188"}],"wp:attachment":[{"href":"http:\/\/ff-buettelborn.de\/wp\/index.php?rest_route=%2Fwp%2Fv2%2Fmedia&parent=1811"}],"curies":[{"name":"wp","href":"https:\/\/api.w.org\/{rel}","templated":true}]}}