{"id":1672,"date":"2019-01-26T10:42:14","date_gmt":"2019-01-26T09:42:14","guid":{"rendered":"http:\/\/ff-buettelborn.de\/wp\/?page_id=1672"},"modified":"2019-01-26T10:42:14","modified_gmt":"2019-01-26T09:42:14","slug":"katastrophenschutz","status":"publish","type":"page","link":"http:\/\/ff-buettelborn.de\/wp\/?page_id=1672","title":{"rendered":"Katastrophenschutz"},"content":{"rendered":"<p>Auch die Feuerwehr B\u00fcttelborn ist zum Katastrophenschutz (kurz: KatS) verpflichtet. Dieser Katastrophenschutz umfasst viele Bereiche und ist verschiedenen Beh\u00f6rden angegliedert. Wann es zu einem Einsatz im Rahmen einer \u201eKatastrophe kommt, ist im \u201eHessischen Brand- und Katastrophenschutzgesetz\u201c (kurz: HBKG) und in der dazugeh\u00f6rigen \u201eKatastrophenschutzkonzept\u201c des Hessischen Ministerium f\u00fcr Inneres und Sport (kurz: HMdIS).<\/p>\n<p>Wir tragen als Feuerwehr B\u00fcttelborn gleich zwei Einheiten bei. Zum einen ist das der KatS-L\u00f6schzug, den jede Kommune zu stellen hat und zum anderen ist das eine Teileinheit der IuK-Gruppe.<\/p>\n<p>Dazu bekommt die Gemeinde B\u00fcttelborn ein Fahrzeug vom HMdIS gestellt, um diese Aufgabe zu erf\u00fcllen. Dieses Fahrzeug ist der Ger\u00e4tewagen &#8211; Information und Kommunikation (kurz: GW-IuK).<\/p>\n<div id=\"attachment_1673\" style=\"width: 310px\" class=\"wp-caption alignright\"><a href=\"http:\/\/ff-buettelborn.de\/wp\/wp-content\/uploads\/2018\/01\/E6767398-9320-4C2B-9A71-319667F4289C.jpeg\"><img loading=\"lazy\" decoding=\"async\" aria-describedby=\"caption-attachment-1673\" class=\"size-medium wp-image-1673\" src=\"http:\/\/ff-buettelborn.de\/wp\/wp-content\/uploads\/2018\/01\/E6767398-9320-4C2B-9A71-319667F4289C-300x169.jpeg\" alt=\"\" width=\"300\" height=\"169\" srcset=\"http:\/\/ff-buettelborn.de\/wp\/wp-content\/uploads\/2018\/01\/E6767398-9320-4C2B-9A71-319667F4289C-300x169.jpeg 300w, http:\/\/ff-buettelborn.de\/wp\/wp-content\/uploads\/2018\/01\/E6767398-9320-4C2B-9A71-319667F4289C-768x432.jpeg 768w, http:\/\/ff-buettelborn.de\/wp\/wp-content\/uploads\/2018\/01\/E6767398-9320-4C2B-9A71-319667F4289C-1024x576.jpeg 1024w, http:\/\/ff-buettelborn.de\/wp\/wp-content\/uploads\/2018\/01\/E6767398-9320-4C2B-9A71-319667F4289C.jpeg 1280w\" sizes=\"auto, (max-width: 300px) 100vw, 300px\" \/><\/a><p id=\"caption-attachment-1673\" class=\"wp-caption-text\">Die IuK-Gruppe in einem \u00dcbungseinstaz zusammen mit dem ELW2 des Landkreises Gro\u00df-Gerau.<\/p><\/div>\n","protected":false},"excerpt":{"rendered":"<p>Auch die Feuerwehr B\u00fcttelborn ist zum Katastrophenschutz (kurz: KatS) verpflichtet. Dieser Katastrophenschutz umfasst viele Bereiche und ist verschiedenen Beh\u00f6rden angegliedert. Wann es zu einem Einsatz im Rahmen einer \u201eKatastrophe kommt, ist im \u201eHessischen Brand- und Katastrophenschutzgesetz\u201c (kurz: HBKG) und in &hellip; <a href=\"http:\/\/ff-buettelborn.de\/wp\/?page_id=1672\">Continue reading <span class=\"meta-nav\">&rarr;<\/span><\/a><\/p>\n","protected":false},"author":9,"featured_media":0,"parent":188,"menu_order":0,"comment_status":"closed","ping_status":"closed","template":"","meta":{"footnotes":""},"class_list":["post-1672","page","type-page","status-publish","hentry"],"_links":{"self":[{"href":"http:\/\/ff-buettelborn.de\/wp\/index.php?rest_route=\/wp\/v2\/pages\/1672","targetHints":{"allow":["GET"]}}],"collection":[{"href":"http:\/\/ff-buettelborn.de\/wp\/index.php?rest_route=\/wp\/v2\/pages"}],"about":[{"href":"http:\/\/ff-buettelborn.de\/wp\/index.php?rest_route=\/wp\/v2\/types\/page"}],"author":[{"embeddable":true,"href":"http:\/\/ff-buettelborn.de\/wp\/index.php?rest_route=\/wp\/v2\/users\/9"}],"replies":[{"embeddable":true,"href":"http:\/\/ff-buettelborn.de\/wp\/index.php?rest_route=%2Fwp%2Fv2%2Fcomments&post=1672"}],"version-history":[{"count":4,"href":"http:\/\/ff-buettelborn.de\/wp\/index.php?rest_route=\/wp\/v2\/pages\/1672\/revisions"}],"predecessor-version":[{"id":1680,"href":"http:\/\/ff-buettelborn.de\/wp\/index.php?rest_route=\/wp\/v2\/pages\/1672\/revisions\/1680"}],"up":[{"embeddable":true,"href":"http:\/\/ff-buettelborn.de\/wp\/index.php?rest_route=\/wp\/v2\/pages\/188"}],"wp:attachment":[{"href":"http:\/\/ff-buettelborn.de\/wp\/index.php?rest_route=%2Fwp%2Fv2%2Fmedia&parent=1672"}],"curies":[{"name":"wp","href":"https:\/\/api.w.org\/{rel}","templated":true}]}}