{"id":160,"date":"2013-06-28T11:39:02","date_gmt":"2013-06-28T09:39:02","guid":{"rendered":"http:\/\/ff-buettelborn.de\/wp\/?page_id=160"},"modified":"2016-08-10T17:29:28","modified_gmt":"2016-08-10T15:29:28","slug":"loscheimer","status":"publish","type":"page","link":"http:\/\/ff-buettelborn.de\/wp\/?page_id=160","title":{"rendered":"L\u00f6scheimer"},"content":{"rendered":"<p>Der L\u00f6scheimer ist eine Infozeitschrift der Feuerwehr B\u00fcttelborn. Sie hat keine bestimmte Auflagedaten (ca. 2 mal im Jahr). Als Inhalte findet man Themen rund um die Feuerwehr z. B. was wird mit Mitgliederbeit\u00e4gen angeschaft, Termine usw.<br \/>\nPassive <strong>und<\/strong> Aktive Mitglieder bekommen das Heftchen frei Haus geliefert. Alle anderen die daf\u00fcr interessieren k\u00f6nnen es sich hier herunterladen:<\/p>\n<p><a href=\"https:\/\/onedrive.live.com\/redir?resid=2EC7DE6D3ACE3149!16618&amp;authkey=!ACzjXAU7RWlgls4&amp;ithint=file%2cpdf\" target=\"_blank\">Ausgabe 02\/2015<\/a><\/p>\n<p><a href=\"https:\/\/onedrive.live.com\/redir?resid=2ec7de6d3ace3149!15696&amp;authkey=!AN6vkcglRV_f1Ks&amp;ithint=file%2cpdf\" target=\"_blank\">Ausgabe 01\/2015<\/a><\/p>\n<p><a href=\"https:\/\/onedrive.live.com\/redir?resid=2EC7DE6D3ACE3149%2114482\" target=\"_blank\">Ausgabe 02\/2014<\/a><\/p>\n<p><a href=\"https:\/\/onedrive.live.com\/embed?cid=2EC7DE6D3ACE3149&amp;resid=2EC7DE6D3ACE3149%2113793&amp;authkey=ALqLxE-iMje-pCU&amp;em=2\" target=\"_blank\">Ausgabe 01\/2014<\/a><\/p>\n<p><a href=\"https:\/\/onedrive.live.com\/embed?cid=2EC7DE6D3ACE3149&amp;resid=2EC7DE6D3ACE3149%2112671&amp;authkey=AOF6ETMY0HeQbGU&amp;em=2\" target=\"_blank\">Ausgabe 02\/2013<\/a><\/p>\n<p><a href=\"https:\/\/onedrive.live.com\/embed?cid=2EC7DE6D3ACE3149&amp;resid=2EC7DE6D3ACE3149%2112100&amp;authkey=AOHdoLrkAVkF6JY&amp;em=2\" target=\"_blank\">Ausgabe 01\/2013<\/a><\/p>\n<p><a href=\"https:\/\/skydrive.live.com\/embed?cid=2EC7DE6D3ACE3149&amp;resid=2EC7DE6D3ACE3149%219950&amp;authkey=AE04bGKlSVKZ2ps\" target=\"_blank\">Ausgabe 02\/2012<\/a><\/p>\n<p><a href=\"https:\/\/skydrive.live.com\/embed?cid=2EC7DE6D3ACE3149&amp;resid=2EC7DE6D3ACE3149%219947&amp;authkey=AJlC1ZfXnG1qIhc\" target=\"_blank\">Ausgabe 01\/2012 (Extraausgabe Kreisfeuerwehrtag 2012 in B\u00fcttelborn)<\/a><\/p>\n","protected":false},"excerpt":{"rendered":"<p>Der L\u00f6scheimer ist eine Infozeitschrift der Feuerwehr B\u00fcttelborn. Sie hat keine bestimmte Auflagedaten (ca. 2 mal im Jahr). Als Inhalte findet man Themen rund um die Feuerwehr z. B. was wird mit Mitgliederbeit\u00e4gen angeschaft, Termine usw. Passive und Aktive Mitglieder &hellip; <a href=\"http:\/\/ff-buettelborn.de\/wp\/?page_id=160\">Continue reading <span class=\"meta-nav\">&rarr;<\/span><\/a><\/p>\n","protected":false},"author":5,"featured_media":0,"parent":199,"menu_order":0,"comment_status":"closed","ping_status":"closed","template":"","meta":{"footnotes":""},"class_list":["post-160","page","type-page","status-publish","hentry"],"_links":{"self":[{"href":"http:\/\/ff-buettelborn.de\/wp\/index.php?rest_route=\/wp\/v2\/pages\/160","targetHints":{"allow":["GET"]}}],"collection":[{"href":"http:\/\/ff-buettelborn.de\/wp\/index.php?rest_route=\/wp\/v2\/pages"}],"about":[{"href":"http:\/\/ff-buettelborn.de\/wp\/index.php?rest_route=\/wp\/v2\/types\/page"}],"author":[{"embeddable":true,"href":"http:\/\/ff-buettelborn.de\/wp\/index.php?rest_route=\/wp\/v2\/users\/5"}],"replies":[{"embeddable":true,"href":"http:\/\/ff-buettelborn.de\/wp\/index.php?rest_route=%2Fwp%2Fv2%2Fcomments&post=160"}],"version-history":[{"count":3,"href":"http:\/\/ff-buettelborn.de\/wp\/index.php?rest_route=\/wp\/v2\/pages\/160\/revisions"}],"predecessor-version":[{"id":1087,"href":"http:\/\/ff-buettelborn.de\/wp\/index.php?rest_route=\/wp\/v2\/pages\/160\/revisions\/1087"}],"up":[{"embeddable":true,"href":"http:\/\/ff-buettelborn.de\/wp\/index.php?rest_route=\/wp\/v2\/pages\/199"}],"wp:attachment":[{"href":"http:\/\/ff-buettelborn.de\/wp\/index.php?rest_route=%2Fwp%2Fv2%2Fmedia&parent=160"}],"curies":[{"name":"wp","href":"https:\/\/api.w.org\/{rel}","templated":true}]}}