{"id":124,"date":"2013-06-27T19:54:23","date_gmt":"2013-06-27T17:54:23","guid":{"rendered":"http:\/\/ff-buettelborn.de\/wp\/?page_id=124"},"modified":"2026-02-25T10:05:59","modified_gmt":"2026-02-25T09:05:59","slug":"impressum","status":"publish","type":"page","link":"http:\/\/ff-buettelborn.de\/wp\/?page_id=124","title":{"rendered":"Impressum"},"content":{"rendered":"<p>Der F\u00f6rderverein Freiwillige Feuerwehr B\u00fcttelborn 1930 e.V. ist beim Amtsgericht Gro\u00df-Gerau eingetragen.<br \/>\nZur Zeit wird der Verein durch die Vorsitzende <b>Julia Graf<\/b> und dem 2. Vorsitzendem <strong>Florian J\u00e4kel<\/strong>\u00a0vertreten.<\/p>\n<p><!--[gallery ids=\"830,1277\"]\n\n[gallery ids=\"828,821\"]\n\n--><br \/>\nZu erreichen ist der Verein und die Einsatzabteilung unter folgender Anschrift:<br \/>\nMainzer Stra\u00dfe 13<br \/>\n64572 B\u00fcttelborn<br \/>\nTel. 06152\/5071<br \/>\ninfo(at)ff-buettelborn.de<\/p>\n<p><i><br \/>\nMit Urteil vom 12. Mai 1998 hat das Landgericht Hamburg entschieden, dass man durch die Ausbringung eines Links die Inhalte der gelinkten Seite ggf. mit zu verantworten hat. Dies kann, so das Landgericht Hamburg, nur dadurch verhindert werden, da\u00df man sich ausdr\u00fccklich von diesen Inhalten distanziert. Wir haben auf unseren Seiten Links zu anderen Seiten im Internet gelegt. F\u00fcr alle diese Links gilt: Der Webmaster von dieser Homepage erkl\u00e4rt ausdr\u00fccklich, da\u00df wir keinerlei Einflu\u00df auf die Gestaltung und die Inhalte der gelinkten Seiten hat. Deshalb distanziere wir uns hiermit ausdr\u00fccklich von allen Inhalten aller gelinkten Seiten auf unsrer Homepage und machen uns diese Inhalte nicht zu Eigen. Diese Erkl\u00e4rung gilt f\u00fcr alle auf unserer Homepage angezeigten Links und f\u00fcr alle Inhalte der Seiten, zu denen die bei uns angemeldeten Banner und Links f\u00fchren und deshalb \u00fcbernehme wir keinerlei Haftung !!!<\/i><\/p>\n<p>Wenn in den Texten der Homepage der Freiwilligen Feuerwehr B\u00fcttelborn m\u00e4nnliche Formulierungen oder allgemeine Sammelbegriffe verwendet werden, schlie\u00dfen diese die Bezeichnungen aller Geschlechter ein.<\/p>\n","protected":false},"excerpt":{"rendered":"<p>Der F\u00f6rderverein Freiwillige Feuerwehr B\u00fcttelborn 1930 e.V. ist beim Amtsgericht Gro\u00df-Gerau eingetragen. Zur Zeit wird der Verein durch die Vorsitzende Julia Graf und dem 2. Vorsitzendem Florian J\u00e4kel\u00a0vertreten. Zu erreichen ist der Verein und die Einsatzabteilung unter folgender Anschrift: Mainzer &hellip; <a href=\"http:\/\/ff-buettelborn.de\/wp\/?page_id=124\">Continue reading <span class=\"meta-nav\">&rarr;<\/span><\/a><\/p>\n","protected":false},"author":5,"featured_media":0,"parent":0,"menu_order":80,"comment_status":"closed","ping_status":"closed","template":"onecolumn-page.php","meta":{"footnotes":""},"class_list":["post-124","page","type-page","status-publish","hentry"],"_links":{"self":[{"href":"http:\/\/ff-buettelborn.de\/wp\/index.php?rest_route=\/wp\/v2\/pages\/124","targetHints":{"allow":["GET"]}}],"collection":[{"href":"http:\/\/ff-buettelborn.de\/wp\/index.php?rest_route=\/wp\/v2\/pages"}],"about":[{"href":"http:\/\/ff-buettelborn.de\/wp\/index.php?rest_route=\/wp\/v2\/types\/page"}],"author":[{"embeddable":true,"href":"http:\/\/ff-buettelborn.de\/wp\/index.php?rest_route=\/wp\/v2\/users\/5"}],"replies":[{"embeddable":true,"href":"http:\/\/ff-buettelborn.de\/wp\/index.php?rest_route=%2Fwp%2Fv2%2Fcomments&post=124"}],"version-history":[{"count":5,"href":"http:\/\/ff-buettelborn.de\/wp\/index.php?rest_route=\/wp\/v2\/pages\/124\/revisions"}],"predecessor-version":[{"id":2723,"href":"http:\/\/ff-buettelborn.de\/wp\/index.php?rest_route=\/wp\/v2\/pages\/124\/revisions\/2723"}],"wp:attachment":[{"href":"http:\/\/ff-buettelborn.de\/wp\/index.php?rest_route=%2Fwp%2Fv2%2Fmedia&parent=124"}],"curies":[{"name":"wp","href":"https:\/\/api.w.org\/{rel}","templated":true}]}}