{"id":1126,"date":"2019-01-19T20:25:28","date_gmt":"2019-01-19T19:25:28","guid":{"rendered":"http:\/\/ff-buettelborn.de\/wp\/?page_id=1126"},"modified":"2019-01-19T20:25:28","modified_gmt":"2019-01-19T19:25:28","slug":"gw-iuk","status":"publish","type":"page","link":"http:\/\/ff-buettelborn.de\/wp\/?page_id=1126","title":{"rendered":"GW-IuK"},"content":{"rendered":"<p><a href=\"http:\/\/ff-buettelborn.de\/wp\/wp-content\/uploads\/2016\/03\/gw-iuk_2016.jpg\" rel=\"attachment wp-att-1130\"><img loading=\"lazy\" decoding=\"async\" class=\"aligncenter size-full wp-image-1130\" src=\"http:\/\/ff-buettelborn.de\/wp\/wp-content\/uploads\/2016\/03\/gw-iuk_2016.jpg\" alt=\"gw-iuk_2016\" width=\"1600\" height=\"1200\" srcset=\"http:\/\/ff-buettelborn.de\/wp\/wp-content\/uploads\/2016\/03\/gw-iuk_2016.jpg 1600w, http:\/\/ff-buettelborn.de\/wp\/wp-content\/uploads\/2016\/03\/gw-iuk_2016-300x225.jpg 300w, http:\/\/ff-buettelborn.de\/wp\/wp-content\/uploads\/2016\/03\/gw-iuk_2016-768x576.jpg 768w, http:\/\/ff-buettelborn.de\/wp\/wp-content\/uploads\/2016\/03\/gw-iuk_2016-1024x768.jpg 1024w\" sizes=\"auto, (max-width: 1600px) 100vw, 1600px\" \/><\/a><\/p>\n<p>Ger\u00e4tewagen &#8211; Information und Kommunikation<br \/>\nFlorian Kreis Gro\u00df-Gerau 14<\/p>\n<p>Fahrgestell:\u00a0\u00a0IVECO Daily 65 C 14<br \/>\nAufbauhersteller \/ Ausbauer: Iveco Magirus Brandschutztechnik G\u00f6rlitz GmbH<\/p>\n<p>Baujahr: 2011<\/p>\n<p>Hubraum: 2998 ccm<br \/>\nLeistung: 103 kW<br \/>\nzul. Gesamtgewicht: 6300 kg<\/p>\n<p>Standort: Ger\u00e4tehaus Worfelden<\/p>\n<p>Der Ger\u00e4tewagen &#8211; Information und Kommunikation (kurz: GW-IuK) ist ein durch das Land Hessen beschafftes Fahrzeug, welches dem Katastrophenschutz angeh\u00f6rt.<\/p>\n<p>Mit Hilfe der Beladung stellt die Mannschaft die erforderlichen IuK-Verbindungen her und betreibt diese. Insbesondere Telefon, Internet und Fax (via Modem, Satellit und \u00f6ffentlichen Fernmeldenetzen), sowie Funk in analoger und digitaler Art. Au\u00dferdem kann mit Hilfe der Beladung ein Besprechungsraum in abgesetzter Weise (in einem Zelt oder leerstehendem Geb\u00e4ude) ausgestattet werden.<\/p>\n","protected":false},"excerpt":{"rendered":"<p>Ger\u00e4tewagen &#8211; Information und Kommunikation Florian Kreis Gro\u00df-Gerau 14 Fahrgestell:\u00a0\u00a0IVECO Daily 65 C 14 Aufbauhersteller \/ Ausbauer: Iveco Magirus Brandschutztechnik G\u00f6rlitz GmbH Baujahr: 2011 Hubraum: 2998 ccm Leistung: 103 kW zul. Gesamtgewicht: 6300 kg Standort: Ger\u00e4tehaus Worfelden Der Ger\u00e4tewagen &#8211; &hellip; <a href=\"http:\/\/ff-buettelborn.de\/wp\/?page_id=1126\">Continue reading <span class=\"meta-nav\">&rarr;<\/span><\/a><\/p>\n","protected":false},"author":5,"featured_media":0,"parent":26,"menu_order":0,"comment_status":"closed","ping_status":"closed","template":"","meta":{"footnotes":""},"class_list":["post-1126","page","type-page","status-publish","hentry"],"_links":{"self":[{"href":"http:\/\/ff-buettelborn.de\/wp\/index.php?rest_route=\/wp\/v2\/pages\/1126","targetHints":{"allow":["GET"]}}],"collection":[{"href":"http:\/\/ff-buettelborn.de\/wp\/index.php?rest_route=\/wp\/v2\/pages"}],"about":[{"href":"http:\/\/ff-buettelborn.de\/wp\/index.php?rest_route=\/wp\/v2\/types\/page"}],"author":[{"embeddable":true,"href":"http:\/\/ff-buettelborn.de\/wp\/index.php?rest_route=\/wp\/v2\/users\/5"}],"replies":[{"embeddable":true,"href":"http:\/\/ff-buettelborn.de\/wp\/index.php?rest_route=%2Fwp%2Fv2%2Fcomments&post=1126"}],"version-history":[{"count":5,"href":"http:\/\/ff-buettelborn.de\/wp\/index.php?rest_route=\/wp\/v2\/pages\/1126\/revisions"}],"predecessor-version":[{"id":1669,"href":"http:\/\/ff-buettelborn.de\/wp\/index.php?rest_route=\/wp\/v2\/pages\/1126\/revisions\/1669"}],"up":[{"embeddable":true,"href":"http:\/\/ff-buettelborn.de\/wp\/index.php?rest_route=\/wp\/v2\/pages\/26"}],"wp:attachment":[{"href":"http:\/\/ff-buettelborn.de\/wp\/index.php?rest_route=%2Fwp%2Fv2%2Fmedia&parent=1126"}],"curies":[{"name":"wp","href":"https:\/\/api.w.org\/{rel}","templated":true}]}}